{"id":1557,"date":"2023-06-16T15:06:40","date_gmt":"2023-06-16T13:06:40","guid":{"rendered":"https:\/\/larucheindustrielle.fr\/?page_id=1557"},"modified":"2024-03-01T10:31:05","modified_gmt":"2024-03-01T09:31:05","slug":"ateliers-et-formations","status":"publish","type":"page","link":"https:\/\/larucheindustrielle.fr\/fr\/activites\/ateliers-et-formations\/","title":{"rendered":"Ateliers et formations"},"content":{"rendered":"<p>[et_pb_section fb_built=\u00a0\u00bb1&Prime; module_class=\u00a0\u00bbbandeauTop\u00a0\u00bb _builder_version=\u00a0\u00bb4.21.0&Prime; _module_preset=\u00a0\u00bbdefault\u00a0\u00bb da_disable_devices=\u00a0\u00bboff|off|off\u00a0\u00bb global_colors_info=\u00a0\u00bb{}\u00a0\u00bb da_is_popup=\u00a0\u00bboff\u00a0\u00bb da_exit_intent=\u00a0\u00bboff\u00a0\u00bb da_has_close=\u00a0\u00bbon\u00a0\u00bb da_alt_close=\u00a0\u00bboff\u00a0\u00bb da_dark_close=\u00a0\u00bboff\u00a0\u00bb da_not_modal=\u00a0\u00bbon\u00a0\u00bb da_is_singular=\u00a0\u00bboff\u00a0\u00bb da_with_loader=\u00a0\u00bboff\u00a0\u00bb da_has_shadow=\u00a0\u00bbon\u00a0\u00bb][et_pb_row column_structure=\u00a0\u00bb1_2,1_2&Prime; _builder_version=\u00a0\u00bb4.20.2&Prime; _module_preset=\u00a0\u00bbdefault\u00a0\u00bb global_colors_info=\u00a0\u00bb{}\u00a0\u00bb][et_pb_column type=\u00a0\u00bb1_2&Prime; _builder_version=\u00a0\u00bb4.20.2&Prime; _module_preset=\u00a0\u00bbdefault\u00a0\u00bb global_colors_info=\u00a0\u00bb{}\u00a0\u00bb][et_pb_text admin_label=\u00a0\u00bbTitre de la page\u00a0\u00bb _builder_version=\u00a0\u00bb4.21.0&Prime; _module_preset=\u00a0\u00bbdefault\u00a0\u00bb global_colors_info=\u00a0\u00bb{}\u00a0\u00bb]<\/p>\n<h1>Ateliers et formations<\/h1>\n<p>[\/et_pb_text][et_pb_code admin_label=\u00a0\u00bbFil d&rsquo;ariane\u00a0\u00bb _builder_version=\u00a0\u00bb4.21.0&Prime; _module_preset=\u00a0\u00bbdefault\u00a0\u00bb global_colors_info=\u00a0\u00bb{}\u00a0\u00bb][\/et_pb_code][\/et_pb_column][et_pb_column type=\u00a0\u00bb1_2&Prime; _builder_version=\u00a0\u00bb4.20.2&Prime; _module_preset=\u00a0\u00bbdefault\u00a0\u00bb global_colors_info=\u00a0\u00bb{}\u00a0\u00bb][et_pb_text admin_label=\u00a0\u00bbhexa vert\u00a0\u00bb module_class=\u00a0\u00bbfloatingAnimation2 mask-2 hexaVert mask\u00a0\u00bb _builder_version=\u00a0\u00bb4.21.0&Prime; _module_preset=\u00a0\u00bbdefault\u00a0\u00bb background_color=\u00a0\u00bbrgba(94,207,138,0.5)\u00a0\u00bb global_colors_info=\u00a0\u00bb{}\u00a0\u00bb][\/et_pb_text][et_pb_text admin_label=\u00a0\u00bbhexa jaune\u00a0\u00bb module_class=\u00a0\u00bbfloatingAnimation mask-1 hexaJaune mask\u00a0\u00bb _builder_version=\u00a0\u00bb4.21.0&Prime; _module_preset=\u00a0\u00bbdefault\u00a0\u00bb background_color=\u00a0\u00bbrgba(255,223,6,0.5)\u00a0\u00bb global_colors_info=\u00a0\u00bb{}\u00a0\u00bb][\/et_pb_text][\/et_pb_column][\/et_pb_row][\/et_pb_section][et_pb_section fb_built=\u00a0\u00bb1&Prime; admin_label=\u00a0\u00bbLes partenaires\u00a0\u00bb _builder_version=\u00a0\u00bb4.21.0&Prime; _module_preset=\u00a0\u00bbdefault\u00a0\u00bb da_disable_devices=\u00a0\u00bboff|off|off\u00a0\u00bb locked=\u00a0\u00bboff\u00a0\u00bb collapsed=\u00a0\u00bboff\u00a0\u00bb global_colors_info=\u00a0\u00bb{}\u00a0\u00bb da_is_popup=\u00a0\u00bboff\u00a0\u00bb da_exit_intent=\u00a0\u00bboff\u00a0\u00bb da_has_close=\u00a0\u00bbon\u00a0\u00bb da_alt_close=\u00a0\u00bboff\u00a0\u00bb da_dark_close=\u00a0\u00bboff\u00a0\u00bb da_not_modal=\u00a0\u00bbon\u00a0\u00bb da_is_singular=\u00a0\u00bboff\u00a0\u00bb da_with_loader=\u00a0\u00bboff\u00a0\u00bb da_has_shadow=\u00a0\u00bbon\u00a0\u00bb][et_pb_row column_structure=\u00a0\u00bb1_2,1_2&Prime; _builder_version=\u00a0\u00bb4.21.0&Prime; _module_preset=\u00a0\u00bbdefault\u00a0\u00bb collapsed=\u00a0\u00bboff\u00a0\u00bb global_colors_info=\u00a0\u00bb{}\u00a0\u00bb][et_pb_column type=\u00a0\u00bb1_2&Prime; _builder_version=\u00a0\u00bb4.20.2&Prime; _module_preset=\u00a0\u00bbdefault\u00a0\u00bb global_colors_info=\u00a0\u00bb{}\u00a0\u00bb][et_pb_text _builder_version=\u00a0\u00bb4.21.0&Prime; _module_preset=\u00a0\u00bbdefault\u00a0\u00bb global_colors_info=\u00a0\u00bb{}\u00a0\u00bb]<\/p>\n<h3 class='titreSlash'>Les ateliers<\/h3>\n<p>Venir aux ateliers Kolinkis, <strong>tous les premiers mercredis du mois<\/strong> c&rsquo;est participer \u00e0 une s\u00e9ance de th\u00e9\u00e2tre d&rsquo;improvisation au service de la formation professionnelle. Sans frais pour les salari\u00e9s des entreprises membres de la Ruche industrielle. 5\u20ac, si vous \u00eates un particulier ou salari\u00e9 d\u2019une entreprise non adh\u00e9rente.<br \/>Veillez \u00e0 venir en tenue confortable et chaussures plates et ferm\u00e9es.<\/p>\n<p>[\/et_pb_text][et_pb_button button_url=\u00a0\u00bbhttps:\/\/larucheindustrielle.fr\/?page_id=52&Prime; button_text=\u00a0\u00bbConsulter l&rsquo;agenda\u00a0\u00bb admin_label=\u00a0\u00bbBouton %22Contact%22&Prime; module_class=\u00a0\u00bbbtnBlue\u00a0\u00bb _builder_version=\u00a0\u00bb4.21.0&Prime; _module_preset=\u00a0\u00bbdefault\u00a0\u00bb custom_button=\u00a0\u00bbon\u00a0\u00bb button_icon=\u00a0\u00bb&#xf783;||fa||900&Prime; button_icon_placement=\u00a0\u00bbleft\u00a0\u00bb button_on_hover=\u00a0\u00bboff\u00a0\u00bb locked=\u00a0\u00bboff\u00a0\u00bb global_colors_info=\u00a0\u00bb{}\u00a0\u00bb][\/et_pb_button][\/et_pb_column][et_pb_column type=\u00a0\u00bb1_2&Prime; _builder_version=\u00a0\u00bb4.20.2&Prime; _module_preset=\u00a0\u00bbdefault\u00a0\u00bb global_colors_info=\u00a0\u00bb{}\u00a0\u00bb][\/et_pb_column][\/et_pb_row][et_pb_row column_structure=\u00a0\u00bb1_2,1_2&Prime; module_class=\u00a0\u00bbrowImgDroite dFlex\u00a0\u00bb _builder_version=\u00a0\u00bb4.21.0&Prime; _module_preset=\u00a0\u00bbdefault\u00a0\u00bb locked=\u00a0\u00bboff\u00a0\u00bb global_colors_info=\u00a0\u00bb{}\u00a0\u00bb][et_pb_column type=\u00a0\u00bb1_2&Prime; _builder_version=\u00a0\u00bb4.20.2&Prime; _module_preset=\u00a0\u00bbdefault\u00a0\u00bb global_colors_info=\u00a0\u00bb{}\u00a0\u00bb][et_pb_text _builder_version=\u00a0\u00bb4.21.0&Prime; _module_preset=\u00a0\u00bbdefault\u00a0\u00bb global_colors_info=\u00a0\u00bb{}\u00a0\u00bb]<\/p>\n<h3 class='titreSlash'>Les formations<\/h3>\n<p>Boostart, Technicien de maintenance, Dirigeant post croissance, etc. La Ruche Industrielle propose diff\u00e9rents cursus de formation pour favoriser la mont\u00e9e en comp\u00e9tences. N&rsquo;h\u00e9sitez pas \u00e0 nous contacter pour en savoir plus.<\/p>\n<p>[\/et_pb_text][et_pb_button button_url=\u00a0\u00bbmailto:bertrand.felix.ext@larucheindustrielle.fr\u00a0\u00bb button_text=\u00a0\u00bbContact\u00a0\u00bb admin_label=\u00a0\u00bbBouton %22Contact%22&Prime; module_class=\u00a0\u00bbbtnBlue\u00a0\u00bb _builder_version=\u00a0\u00bb4.21.0&Prime; _module_preset=\u00a0\u00bbdefault\u00a0\u00bb custom_button=\u00a0\u00bbon\u00a0\u00bb button_icon=\u00a0\u00bb&#xf075;||fa||900&Prime; button_icon_placement=\u00a0\u00bbleft\u00a0\u00bb button_on_hover=\u00a0\u00bboff\u00a0\u00bb locked=\u00a0\u00bboff\u00a0\u00bb global_colors_info=\u00a0\u00bb{}\u00a0\u00bb][\/et_pb_button][\/et_pb_column][et_pb_column type=\u00a0\u00bb1_2&Prime; module_class=\u00a0\u00bbhiddenFlow\u00a0\u00bb _builder_version=\u00a0\u00bb4.21.0&Prime; _module_preset=\u00a0\u00bbdefault\u00a0\u00bb global_colors_info=\u00a0\u00bb{}\u00a0\u00bb][et_pb_image src=\u00a0\u00bbhttps:\/\/larucheindustrielle.fr\/wp-content\/uploads\/2023\/06\/Boostart-promotion-11.jpg\u00a0\u00bb title_text=\u00a0\u00bbBoostart-promotion-11&Prime; module_class=\u00a0\u00bbmaskPhoto\u00a0\u00bb _builder_version=\u00a0\u00bb4.21.0&Prime; _module_preset=\u00a0\u00bbdefault\u00a0\u00bb global_colors_info=\u00a0\u00bb{}\u00a0\u00bb][\/et_pb_image][\/et_pb_column][\/et_pb_row][\/et_pb_section]<\/p>\n","protected":false},"excerpt":{"rendered":"<p>Ateliers et formationsLes ateliers Venir aux ateliers Kolinkis, tous les premiers mercredis du mois c&rsquo;est participer \u00e0 une s\u00e9ance de th\u00e9\u00e2tre d&rsquo;improvisation au service de la formation professionnelle. Sans frais pour les salari\u00e9s des entreprises membres de la Ruche industrielle. 5\u20ac, si vous \u00eates un particulier ou salari\u00e9 d\u2019une entreprise non adh\u00e9rente.Veillez \u00e0 venir en [&hellip;]<\/p>\n","protected":false},"author":3,"featured_media":0,"parent":34,"menu_order":0,"comment_status":"closed","ping_status":"closed","template":"","meta":{"_acf_changed":false,"_et_pb_use_builder":"on","_et_pb_old_content":"","_et_gb_content_width":"","footnotes":""},"class_list":["post-1557","page","type-page","status-publish","hentry"],"acf":[],"yoast_head":"<!-- This site is optimized with the Yoast SEO plugin v27.1.1 - https:\/\/yoast.com\/product\/yoast-seo-wordpress\/ -->\n<title>Ateliers et formations - La Ruche industrielle<\/title>\n<meta name=\"description\" content=\"A La Ruche Industrielle : afterworks chaque 1er mercredi du mois et formations Bootstart \u00e0 intraprenariat...\" \/>\n<meta name=\"robots\" content=\"index, follow, max-snippet:-1, max-image-preview:large, max-video-preview:-1\" \/>\n<link rel=\"canonical\" href=\"https:\/\/larucheindustrielle.fr\/fr\/activites\/ateliers-et-formations\/\" \/>\n<meta property=\"og:locale\" content=\"fr_FR\" \/>\n<meta property=\"og:type\" content=\"article\" \/>\n<meta property=\"og:title\" content=\"Ateliers et formations - La Ruche industrielle\" \/>\n<meta property=\"og:description\" content=\"A La Ruche Industrielle : afterworks chaque 1er mercredi du mois et formations Bootstart \u00e0 intraprenariat...\" \/>\n<meta property=\"og:url\" content=\"https:\/\/larucheindustrielle.fr\/fr\/activites\/ateliers-et-formations\/\" \/>\n<meta property=\"og:site_name\" content=\"La Ruche industrielle\" \/>\n<meta property=\"article:modified_time\" content=\"2024-03-01T09:31:05+00:00\" \/>\n<meta name=\"twitter:card\" content=\"summary_large_image\" \/>\n<meta name=\"twitter:site\" content=\"@LaRucheIndus\" \/>\n<meta name=\"twitter:label1\" content=\"Dur\u00e9e de lecture estim\u00e9e\" \/>\n\t<meta name=\"twitter:data1\" content=\"1 minute\" \/>\n<script type=\"application\/ld+json\" class=\"yoast-schema-graph\">{\"@context\":\"https:\/\/schema.org\",\"@graph\":[{\"@type\":\"WebPage\",\"@id\":\"https:\/\/larucheindustrielle.fr\/fr\/activites\/ateliers-et-formations\/\",\"url\":\"https:\/\/larucheindustrielle.fr\/fr\/activites\/ateliers-et-formations\/\",\"name\":\"Ateliers et formations - La Ruche industrielle\",\"isPartOf\":{\"@id\":\"https:\/\/larucheindustrielle.fr\/fr\/#website\"},\"datePublished\":\"2023-06-16T13:06:40+00:00\",\"dateModified\":\"2024-03-01T09:31:05+00:00\",\"description\":\"A La Ruche Industrielle : afterworks chaque 1er mercredi du mois et formations Bootstart \u00e0 intraprenariat...\",\"breadcrumb\":{\"@id\":\"https:\/\/larucheindustrielle.fr\/fr\/activites\/ateliers-et-formations\/#breadcrumb\"},\"inLanguage\":\"fr-FR\",\"potentialAction\":[{\"@type\":\"ReadAction\",\"target\":[\"https:\/\/larucheindustrielle.fr\/fr\/activites\/ateliers-et-formations\/\"]}]},{\"@type\":\"BreadcrumbList\",\"@id\":\"https:\/\/larucheindustrielle.fr\/fr\/activites\/ateliers-et-formations\/#breadcrumb\",\"itemListElement\":[{\"@type\":\"ListItem\",\"position\":1,\"name\":\"Activit\u00e9s\",\"item\":\"https:\/\/larucheindustrielle.fr\/fr\/activites\/\"},{\"@type\":\"ListItem\",\"position\":2,\"name\":\"Ateliers et formations\"}]},{\"@type\":\"WebSite\",\"@id\":\"https:\/\/larucheindustrielle.fr\/fr\/#website\",\"url\":\"https:\/\/larucheindustrielle.fr\/fr\/\",\"name\":\"La Ruche industrielle\",\"description\":\"Ici, on construit ensemble l&#039;industrie du futur !\",\"publisher\":{\"@id\":\"https:\/\/larucheindustrielle.fr\/fr\/#organization\"},\"potentialAction\":[{\"@type\":\"SearchAction\",\"target\":{\"@type\":\"EntryPoint\",\"urlTemplate\":\"https:\/\/larucheindustrielle.fr\/fr\/?s={search_term_string}\"},\"query-input\":{\"@type\":\"PropertyValueSpecification\",\"valueRequired\":true,\"valueName\":\"search_term_string\"}}],\"inLanguage\":\"fr-FR\"},{\"@type\":\"Organization\",\"@id\":\"https:\/\/larucheindustrielle.fr\/fr\/#organization\",\"name\":\"La Ruche industrielle\",\"url\":\"https:\/\/larucheindustrielle.fr\/fr\/\",\"logo\":{\"@type\":\"ImageObject\",\"inLanguage\":\"fr-FR\",\"@id\":\"https:\/\/larucheindustrielle.fr\/fr\/#\/schema\/logo\/image\/\",\"url\":\"https:\/\/larucheindustrielle.fr\/wp-content\/uploads\/2023\/06\/Home-page-Logo-la-ruche-en-bois.jpg\",\"contentUrl\":\"https:\/\/larucheindustrielle.fr\/wp-content\/uploads\/2023\/06\/Home-page-Logo-la-ruche-en-bois.jpg\",\"width\":1280,\"height\":853,\"caption\":\"La Ruche industrielle\"},\"image\":{\"@id\":\"https:\/\/larucheindustrielle.fr\/fr\/#\/schema\/logo\/image\/\"},\"sameAs\":[\"https:\/\/x.com\/LaRucheIndus\",\"https:\/\/fr.linkedin.com\/company\/la-ruche-industrielle\",\"https:\/\/www.youtube.com\/@larucheindustrielle932\",\"https:\/\/www.instagram.com\/larucheindustrielle\/\"]}]}<\/script>\n<!-- \/ Yoast SEO plugin. -->","yoast_head_json":{"title":"Ateliers et formations - La Ruche industrielle","description":"A La Ruche Industrielle : afterworks chaque 1er mercredi du mois et formations Bootstart \u00e0 intraprenariat...","robots":{"index":"index","follow":"follow","max-snippet":"max-snippet:-1","max-image-preview":"max-image-preview:large","max-video-preview":"max-video-preview:-1"},"canonical":"https:\/\/larucheindustrielle.fr\/fr\/activites\/ateliers-et-formations\/","og_locale":"fr_FR","og_type":"article","og_title":"Ateliers et formations - La Ruche industrielle","og_description":"A La Ruche Industrielle : afterworks chaque 1er mercredi du mois et formations Bootstart \u00e0 intraprenariat...","og_url":"https:\/\/larucheindustrielle.fr\/fr\/activites\/ateliers-et-formations\/","og_site_name":"La Ruche industrielle","article_modified_time":"2024-03-01T09:31:05+00:00","twitter_card":"summary_large_image","twitter_site":"@LaRucheIndus","twitter_misc":{"Dur\u00e9e de lecture estim\u00e9e":"1 minute"},"schema":{"@context":"https:\/\/schema.org","@graph":[{"@type":"WebPage","@id":"https:\/\/larucheindustrielle.fr\/fr\/activites\/ateliers-et-formations\/","url":"https:\/\/larucheindustrielle.fr\/fr\/activites\/ateliers-et-formations\/","name":"Ateliers et formations - La Ruche industrielle","isPartOf":{"@id":"https:\/\/larucheindustrielle.fr\/fr\/#website"},"datePublished":"2023-06-16T13:06:40+00:00","dateModified":"2024-03-01T09:31:05+00:00","description":"A La Ruche Industrielle : afterworks chaque 1er mercredi du mois et formations Bootstart \u00e0 intraprenariat...","breadcrumb":{"@id":"https:\/\/larucheindustrielle.fr\/fr\/activites\/ateliers-et-formations\/#breadcrumb"},"inLanguage":"fr-FR","potentialAction":[{"@type":"ReadAction","target":["https:\/\/larucheindustrielle.fr\/fr\/activites\/ateliers-et-formations\/"]}]},{"@type":"BreadcrumbList","@id":"https:\/\/larucheindustrielle.fr\/fr\/activites\/ateliers-et-formations\/#breadcrumb","itemListElement":[{"@type":"ListItem","position":1,"name":"Activit\u00e9s","item":"https:\/\/larucheindustrielle.fr\/fr\/activites\/"},{"@type":"ListItem","position":2,"name":"Ateliers et formations"}]},{"@type":"WebSite","@id":"https:\/\/larucheindustrielle.fr\/fr\/#website","url":"https:\/\/larucheindustrielle.fr\/fr\/","name":"La Ruche industrielle","description":"Ici, on construit ensemble l&#039;industrie du futur !","publisher":{"@id":"https:\/\/larucheindustrielle.fr\/fr\/#organization"},"potentialAction":[{"@type":"SearchAction","target":{"@type":"EntryPoint","urlTemplate":"https:\/\/larucheindustrielle.fr\/fr\/?s={search_term_string}"},"query-input":{"@type":"PropertyValueSpecification","valueRequired":true,"valueName":"search_term_string"}}],"inLanguage":"fr-FR"},{"@type":"Organization","@id":"https:\/\/larucheindustrielle.fr\/fr\/#organization","name":"La Ruche industrielle","url":"https:\/\/larucheindustrielle.fr\/fr\/","logo":{"@type":"ImageObject","inLanguage":"fr-FR","@id":"https:\/\/larucheindustrielle.fr\/fr\/#\/schema\/logo\/image\/","url":"https:\/\/larucheindustrielle.fr\/wp-content\/uploads\/2023\/06\/Home-page-Logo-la-ruche-en-bois.jpg","contentUrl":"https:\/\/larucheindustrielle.fr\/wp-content\/uploads\/2023\/06\/Home-page-Logo-la-ruche-en-bois.jpg","width":1280,"height":853,"caption":"La Ruche industrielle"},"image":{"@id":"https:\/\/larucheindustrielle.fr\/fr\/#\/schema\/logo\/image\/"},"sameAs":["https:\/\/x.com\/LaRucheIndus","https:\/\/fr.linkedin.com\/company\/la-ruche-industrielle","https:\/\/www.youtube.com\/@larucheindustrielle932","https:\/\/www.instagram.com\/larucheindustrielle\/"]}]}},"publishpress_future_workflow_manual_trigger":{"enabledWorkflows":[]},"_links":{"self":[{"href":"https:\/\/larucheindustrielle.fr\/fr\/wp-json\/wp\/v2\/pages\/1557","targetHints":{"allow":["GET"]}}],"collection":[{"href":"https:\/\/larucheindustrielle.fr\/fr\/wp-json\/wp\/v2\/pages"}],"about":[{"href":"https:\/\/larucheindustrielle.fr\/fr\/wp-json\/wp\/v2\/types\/page"}],"author":[{"embeddable":true,"href":"https:\/\/larucheindustrielle.fr\/fr\/wp-json\/wp\/v2\/users\/3"}],"replies":[{"embeddable":true,"href":"https:\/\/larucheindustrielle.fr\/fr\/wp-json\/wp\/v2\/comments?post=1557"}],"version-history":[{"count":0,"href":"https:\/\/larucheindustrielle.fr\/fr\/wp-json\/wp\/v2\/pages\/1557\/revisions"}],"up":[{"embeddable":true,"href":"https:\/\/larucheindustrielle.fr\/fr\/wp-json\/wp\/v2\/pages\/34"}],"wp:attachment":[{"href":"https:\/\/larucheindustrielle.fr\/fr\/wp-json\/wp\/v2\/media?parent=1557"}],"curies":[{"name":"wp","href":"https:\/\/api.w.org\/{rel}","templated":true}]}}