{"id":1666,"date":"2024-09-20T09:11:13","date_gmt":"2024-09-20T07:11:13","guid":{"rendered":"https:\/\/larucheindustrielle.fr\/?page_id=1666"},"modified":"2025-04-23T09:41:45","modified_gmt":"2025-04-23T07:41:45","slug":"presse","status":"publish","type":"page","link":"https:\/\/larucheindustrielle.fr\/fr\/presse\/","title":{"rendered":"Presse"},"content":{"rendered":"<p>[et_pb_section fb_built=\u00a0\u00bb1&Prime; module_class=\u00a0\u00bbbandeauTop\u00a0\u00bb _builder_version=\u00a0\u00bb4.21.0&Prime; _module_preset=\u00a0\u00bbdefault\u00a0\u00bb da_disable_devices=\u00a0\u00bboff|off|off\u00a0\u00bb locked=\u00a0\u00bboff\u00a0\u00bb global_colors_info=\u00a0\u00bb{}\u00a0\u00bb da_is_popup=\u00a0\u00bboff\u00a0\u00bb da_exit_intent=\u00a0\u00bboff\u00a0\u00bb da_has_close=\u00a0\u00bbon\u00a0\u00bb da_alt_close=\u00a0\u00bboff\u00a0\u00bb da_dark_close=\u00a0\u00bboff\u00a0\u00bb da_not_modal=\u00a0\u00bbon\u00a0\u00bb da_is_singular=\u00a0\u00bboff\u00a0\u00bb da_with_loader=\u00a0\u00bboff\u00a0\u00bb da_has_shadow=\u00a0\u00bbon\u00a0\u00bb][et_pb_row column_structure=\u00a0\u00bb1_2,1_2&Prime; _builder_version=\u00a0\u00bb4.21.0&Prime; _module_preset=\u00a0\u00bbdefault\u00a0\u00bb global_colors_info=\u00a0\u00bb{}\u00a0\u00bb][et_pb_column type=\u00a0\u00bb1_2&Prime; _builder_version=\u00a0\u00bb4.20.2&Prime; _module_preset=\u00a0\u00bbdefault\u00a0\u00bb global_colors_info=\u00a0\u00bb{}\u00a0\u00bb][et_pb_text admin_label=\u00a0\u00bbTitre de la page\u00a0\u00bb _builder_version=\u00a0\u00bb4.21.0&Prime; _module_preset=\u00a0\u00bbdefault\u00a0\u00bb global_colors_info=\u00a0\u00bb{}\u00a0\u00bb]<\/p>\n<h1>Presse<\/h1>\n<p>[\/et_pb_text][et_pb_code admin_label=\u00a0\u00bbFil d&rsquo;ariane\u00a0\u00bb _builder_version=\u00a0\u00bb4.21.0&Prime; _module_preset=\u00a0\u00bbdefault\u00a0\u00bb global_colors_info=\u00a0\u00bb{}\u00a0\u00bb][\/et_pb_code][\/et_pb_column][et_pb_column type=\u00a0\u00bb1_2&Prime; _builder_version=\u00a0\u00bb4.20.2&Prime; _module_preset=\u00a0\u00bbdefault\u00a0\u00bb global_colors_info=\u00a0\u00bb{}\u00a0\u00bb][et_pb_image src=\u00a0\u00bbhttps:\/\/larucheindustrielle.fr\/wp-content\/uploads\/2023\/06\/la-ruche-industrielle-footer.jpg\u00a0\u00bb title_text=\u00a0\u00bbla-ruche-industrielle-footer\u00a0\u00bb module_class=\u00a0\u00bbmaskPhoto photoBandeau-2&Prime; _builder_version=\u00a0\u00bb4.21.0&Prime; _module_preset=\u00a0\u00bbdefault\u00a0\u00bb global_colors_info=\u00a0\u00bb{}\u00a0\u00bb][\/et_pb_image][\/et_pb_column][\/et_pb_row][\/et_pb_section][et_pb_section fb_built=\u00a0\u00bb1&Prime; _builder_version=\u00a0\u00bb4.21.0&Prime; _module_preset=\u00a0\u00bbdefault\u00a0\u00bb da_disable_devices=\u00a0\u00bboff|off|off\u00a0\u00bb global_colors_info=\u00a0\u00bb{}\u00a0\u00bb da_is_popup=\u00a0\u00bboff\u00a0\u00bb da_exit_intent=\u00a0\u00bboff\u00a0\u00bb da_has_close=\u00a0\u00bbon\u00a0\u00bb da_alt_close=\u00a0\u00bboff\u00a0\u00bb da_dark_close=\u00a0\u00bboff\u00a0\u00bb da_not_modal=\u00a0\u00bbon\u00a0\u00bb da_is_singular=\u00a0\u00bboff\u00a0\u00bb da_with_loader=\u00a0\u00bboff\u00a0\u00bb da_has_shadow=\u00a0\u00bbon\u00a0\u00bb][et_pb_row _builder_version=\u00a0\u00bb4.21.0&Prime; _module_preset=\u00a0\u00bbdefault\u00a0\u00bb global_colors_info=\u00a0\u00bb{}\u00a0\u00bb][et_pb_column type=\u00a0\u00bb4_4&Prime; _builder_version=\u00a0\u00bb4.21.0&Prime; _module_preset=\u00a0\u00bbdefault\u00a0\u00bb global_colors_info=\u00a0\u00bb{}\u00a0\u00bb][et_pb_text admin_label=\u00a0\u00bbCommuniqu\u00e9s de presse\u00a0\u00bb _builder_version=\u00a0\u00bb4.27.4&Prime; _module_preset=\u00a0\u00bbdefault\u00a0\u00bb hover_enabled=\u00a0\u00bb0&Prime; global_colors_info=\u00a0\u00bb{}\u00a0\u00bb sticky_enabled=\u00a0\u00bb0&Prime;]<\/p>\n<h2>Communiqu\u00e9s de presse 2024<\/h2>\n<p><strong>20 septembre 2024<br \/><\/strong><a class=\"et_pb_button et_pb_button_1 btnBlue hoverJaune et_pb_bg_layout_light\" href=\"https:\/\/larucheindustrielle.fr\/wp-content\/uploads\/2024\/09\/CP-XR-DAYS-2024.pdf\"> 3e \u00e9dition des XR DAYS : \u00e9v\u00e9nement fran\u00e7ais incontournable sur la r\u00e9alit\u00e9 virtuelle et augment\u00e9e ! <\/a><\/p>\n<p><strong>22 juin 2024<br \/><\/strong><a class=\"et_pb_button et_pb_button_1 btnBlue hoverJaune et_pb_bg_layout_light\" href=\"https:\/\/larucheindustrielle.fr\/wp-content\/uploads\/2024\/09\/2024-06-CP-5-ANS-RUCHE.pdf\" target=\"_blank\" rel=\"noopener\">La Ruche Industrielle c\u00e9l\u00e8bre 5 ans d&rsquo;actions pour transformer l&rsquo;industrie<\/a><\/p>\n<h2>\u00a0<\/h2>\n<h2>Communiqu\u00e9s de presse 2023<\/h2>\n<p><strong>03 octobre 2023<br \/><\/strong><a class=\"et_pb_button et_pb_button_1 btnBlue hoverJaune et_pb_bg_layout_light\" href=\"https:\/\/larucheindustrielle.fr\/presse\/2023-10-03-cp-xrdays\/\" target=\"_blank\" rel=\"noopener\"> 2e \u00e9dition des XR DAYS sur la r\u00e9alit\u00e9 virtuelle et augment\u00e9e ! <\/a><\/p>\n<p><strong>06 juin 2023<\/strong><br \/><a class=\"et_pb_button et_pb_button_1 btnBlue hoverJaune et_pb_bg_layout_light\" href=\"https:\/\/larucheindustrielle.fr\/wp-content\/uploads\/2023\/06\/2023-06-06-CP-Jouer-collectif-La-Ruche-Industrielle-a-domicile-le-22-juin.pdf\" target=\"_blank\" rel=\"attachment wp-att-1676 noopener\">Jouer collectif\u00a0: La Ruche Industrielle \u00e0 domicile le 22 juin<\/a><\/p>\n<p><strong>11 avril 2023<\/strong><br \/><a class=\"et_pb_button et_pb_button_1 btnBlue hoverJaune et_pb_bg_layout_light\" href=\"https:\/\/larucheindustrielle.fr\/wp-content\/uploads\/2023\/06\/2023-04-11-CP-Medaille-Caroline-Felix.pdf\" target=\"_blank\" rel=\"attachment wp-att-1675 noopener\">Caroline Felix\u00a0: une femme chevaleresse pour faire bouger l\u2019industrie<\/a><\/p>\n<p>&nbsp;<\/p>\n<p>&nbsp;<\/p>\n<p>[\/et_pb_text][et_pb_text admin_label=\u00a0\u00bbContact\u00a0\u00bb _builder_version=\u00a0\u00bb4.21.0&Prime; _module_preset=\u00a0\u00bbdefault\u00a0\u00bb global_colors_info=\u00a0\u00bb{}\u00a0\u00bb]<\/p>\n<h2>Contact<\/h2>\n<p>C\u00e9line Brossard<br \/><a href=\"mailto:celine.brossard@larucheindustrielle.fr\">Celine.brossard@larucheindustrielle.fr<\/a><br \/>07 71 77 78 07<\/p>\n<p>[\/et_pb_text][\/et_pb_column][\/et_pb_row][\/et_pb_section]<\/p>\n","protected":false},"excerpt":{"rendered":"<p>PresseCommuniqu\u00e9s de presse 2024 20 septembre 2024 3e \u00e9dition des XR DAYS : \u00e9v\u00e9nement fran\u00e7ais incontournable sur la r\u00e9alit\u00e9 virtuelle et augment\u00e9e ! 22 juin 2024La Ruche Industrielle c\u00e9l\u00e8bre 5 ans d&rsquo;actions pour transformer l&rsquo;industrie \u00a0 Communiqu\u00e9s de presse 2023 03 octobre 2023 2e \u00e9dition des XR DAYS sur la r\u00e9alit\u00e9 virtuelle et augment\u00e9e ! [&hellip;]<\/p>\n","protected":false},"author":1,"featured_media":0,"parent":0,"menu_order":0,"comment_status":"closed","ping_status":"closed","template":"","meta":{"_acf_changed":false,"_et_pb_use_builder":"on","_et_pb_old_content":"","_et_gb_content_width":"","footnotes":""},"class_list":["post-1666","page","type-page","status-publish","hentry"],"acf":[],"yoast_head":"<!-- This site is optimized with the Yoast SEO plugin v27.4 - https:\/\/yoast.com\/product\/yoast-seo-wordpress\/ -->\n<title>Presse - La Ruche industrielle<\/title>\n<meta name=\"description\" content=\"Retrouvez ici les communiqu\u00e9s de presse de La Ruche Industrielle, collectif d&#039;industriels pour acc\u00e9l\u00e9rer leur transformation\" \/>\n<meta name=\"robots\" content=\"index, follow, max-snippet:-1, max-image-preview:large, max-video-preview:-1\" \/>\n<link rel=\"canonical\" href=\"https:\/\/larucheindustrielle.fr\/fr\/presse\/\" \/>\n<meta property=\"og:locale\" content=\"fr_FR\" \/>\n<meta property=\"og:type\" content=\"article\" \/>\n<meta property=\"og:title\" content=\"Presse - La Ruche industrielle\" \/>\n<meta property=\"og:description\" content=\"Retrouvez ici les communiqu\u00e9s de presse de La Ruche Industrielle, collectif d&#039;industriels pour acc\u00e9l\u00e9rer leur transformation\" \/>\n<meta property=\"og:url\" content=\"https:\/\/larucheindustrielle.fr\/fr\/presse\/\" \/>\n<meta property=\"og:site_name\" content=\"La Ruche industrielle\" \/>\n<meta property=\"article:modified_time\" content=\"2025-04-23T07:41:45+00:00\" \/>\n<meta name=\"twitter:card\" content=\"summary_large_image\" \/>\n<meta name=\"twitter:site\" content=\"@LaRucheIndus\" \/>\n<meta name=\"twitter:label1\" content=\"Dur\u00e9e de lecture estim\u00e9e\" \/>\n\t<meta name=\"twitter:data1\" content=\"1 minute\" \/>\n<script type=\"application\/ld+json\" class=\"yoast-schema-graph\">{\"@context\":\"https:\\\/\\\/schema.org\",\"@graph\":[{\"@type\":\"WebPage\",\"@id\":\"https:\\\/\\\/larucheindustrielle.fr\\\/fr\\\/presse\\\/\",\"url\":\"https:\\\/\\\/larucheindustrielle.fr\\\/fr\\\/presse\\\/\",\"name\":\"Presse - La Ruche industrielle\",\"isPartOf\":{\"@id\":\"https:\\\/\\\/larucheindustrielle.fr\\\/fr\\\/#website\"},\"datePublished\":\"2024-09-20T07:11:13+00:00\",\"dateModified\":\"2025-04-23T07:41:45+00:00\",\"description\":\"Retrouvez ici les communiqu\u00e9s de presse de La Ruche Industrielle, collectif d'industriels pour acc\u00e9l\u00e9rer leur transformation\",\"inLanguage\":\"fr-FR\",\"potentialAction\":[{\"@type\":\"ReadAction\",\"target\":[\"https:\\\/\\\/larucheindustrielle.fr\\\/fr\\\/presse\\\/\"]}]},{\"@type\":\"WebSite\",\"@id\":\"https:\\\/\\\/larucheindustrielle.fr\\\/fr\\\/#website\",\"url\":\"https:\\\/\\\/larucheindustrielle.fr\\\/fr\\\/\",\"name\":\"La Ruche industrielle\",\"description\":\"Ici, on construit ensemble l&#039;industrie du futur !\",\"publisher\":{\"@id\":\"https:\\\/\\\/larucheindustrielle.fr\\\/fr\\\/#organization\"},\"potentialAction\":[{\"@type\":\"SearchAction\",\"target\":{\"@type\":\"EntryPoint\",\"urlTemplate\":\"https:\\\/\\\/larucheindustrielle.fr\\\/fr\\\/?s={search_term_string}\"},\"query-input\":{\"@type\":\"PropertyValueSpecification\",\"valueRequired\":true,\"valueName\":\"search_term_string\"}}],\"inLanguage\":\"fr-FR\"},{\"@type\":\"Organization\",\"@id\":\"https:\\\/\\\/larucheindustrielle.fr\\\/fr\\\/#organization\",\"name\":\"La Ruche industrielle\",\"url\":\"https:\\\/\\\/larucheindustrielle.fr\\\/fr\\\/\",\"logo\":{\"@type\":\"ImageObject\",\"inLanguage\":\"fr-FR\",\"@id\":\"https:\\\/\\\/larucheindustrielle.fr\\\/fr\\\/#\\\/schema\\\/logo\\\/image\\\/\",\"url\":\"https:\\\/\\\/larucheindustrielle.fr\\\/wp-content\\\/uploads\\\/2023\\\/06\\\/Home-page-Logo-la-ruche-en-bois.jpg\",\"contentUrl\":\"https:\\\/\\\/larucheindustrielle.fr\\\/wp-content\\\/uploads\\\/2023\\\/06\\\/Home-page-Logo-la-ruche-en-bois.jpg\",\"width\":1280,\"height\":853,\"caption\":\"La Ruche industrielle\"},\"image\":{\"@id\":\"https:\\\/\\\/larucheindustrielle.fr\\\/fr\\\/#\\\/schema\\\/logo\\\/image\\\/\"},\"sameAs\":[\"https:\\\/\\\/x.com\\\/LaRucheIndus\",\"https:\\\/\\\/fr.linkedin.com\\\/company\\\/la-ruche-industrielle\",\"https:\\\/\\\/www.youtube.com\\\/@larucheindustrielle932\",\"https:\\\/\\\/www.instagram.com\\\/larucheindustrielle\\\/\"]}]}<\/script>\n<!-- \/ Yoast SEO plugin. -->","yoast_head_json":{"title":"Presse - La Ruche industrielle","description":"Retrouvez ici les communiqu\u00e9s de presse de La Ruche Industrielle, collectif d'industriels pour acc\u00e9l\u00e9rer leur transformation","robots":{"index":"index","follow":"follow","max-snippet":"max-snippet:-1","max-image-preview":"max-image-preview:large","max-video-preview":"max-video-preview:-1"},"canonical":"https:\/\/larucheindustrielle.fr\/fr\/presse\/","og_locale":"fr_FR","og_type":"article","og_title":"Presse - La Ruche industrielle","og_description":"Retrouvez ici les communiqu\u00e9s de presse de La Ruche Industrielle, collectif d'industriels pour acc\u00e9l\u00e9rer leur transformation","og_url":"https:\/\/larucheindustrielle.fr\/fr\/presse\/","og_site_name":"La Ruche industrielle","article_modified_time":"2025-04-23T07:41:45+00:00","twitter_card":"summary_large_image","twitter_site":"@LaRucheIndus","twitter_misc":{"Dur\u00e9e de lecture estim\u00e9e":"1 minute"},"schema":{"@context":"https:\/\/schema.org","@graph":[{"@type":"WebPage","@id":"https:\/\/larucheindustrielle.fr\/fr\/presse\/","url":"https:\/\/larucheindustrielle.fr\/fr\/presse\/","name":"Presse - La Ruche industrielle","isPartOf":{"@id":"https:\/\/larucheindustrielle.fr\/fr\/#website"},"datePublished":"2024-09-20T07:11:13+00:00","dateModified":"2025-04-23T07:41:45+00:00","description":"Retrouvez ici les communiqu\u00e9s de presse de La Ruche Industrielle, collectif d'industriels pour acc\u00e9l\u00e9rer leur transformation","inLanguage":"fr-FR","potentialAction":[{"@type":"ReadAction","target":["https:\/\/larucheindustrielle.fr\/fr\/presse\/"]}]},{"@type":"WebSite","@id":"https:\/\/larucheindustrielle.fr\/fr\/#website","url":"https:\/\/larucheindustrielle.fr\/fr\/","name":"La Ruche industrielle","description":"Ici, on construit ensemble l&#039;industrie du futur !","publisher":{"@id":"https:\/\/larucheindustrielle.fr\/fr\/#organization"},"potentialAction":[{"@type":"SearchAction","target":{"@type":"EntryPoint","urlTemplate":"https:\/\/larucheindustrielle.fr\/fr\/?s={search_term_string}"},"query-input":{"@type":"PropertyValueSpecification","valueRequired":true,"valueName":"search_term_string"}}],"inLanguage":"fr-FR"},{"@type":"Organization","@id":"https:\/\/larucheindustrielle.fr\/fr\/#organization","name":"La Ruche industrielle","url":"https:\/\/larucheindustrielle.fr\/fr\/","logo":{"@type":"ImageObject","inLanguage":"fr-FR","@id":"https:\/\/larucheindustrielle.fr\/fr\/#\/schema\/logo\/image\/","url":"https:\/\/larucheindustrielle.fr\/wp-content\/uploads\/2023\/06\/Home-page-Logo-la-ruche-en-bois.jpg","contentUrl":"https:\/\/larucheindustrielle.fr\/wp-content\/uploads\/2023\/06\/Home-page-Logo-la-ruche-en-bois.jpg","width":1280,"height":853,"caption":"La Ruche industrielle"},"image":{"@id":"https:\/\/larucheindustrielle.fr\/fr\/#\/schema\/logo\/image\/"},"sameAs":["https:\/\/x.com\/LaRucheIndus","https:\/\/fr.linkedin.com\/company\/la-ruche-industrielle","https:\/\/www.youtube.com\/@larucheindustrielle932","https:\/\/www.instagram.com\/larucheindustrielle\/"]}]}},"publishpress_future_workflow_manual_trigger":{"enabledWorkflows":[]},"_links":{"self":[{"href":"https:\/\/larucheindustrielle.fr\/fr\/wp-json\/wp\/v2\/pages\/1666","targetHints":{"allow":["GET"]}}],"collection":[{"href":"https:\/\/larucheindustrielle.fr\/fr\/wp-json\/wp\/v2\/pages"}],"about":[{"href":"https:\/\/larucheindustrielle.fr\/fr\/wp-json\/wp\/v2\/types\/page"}],"author":[{"embeddable":true,"href":"https:\/\/larucheindustrielle.fr\/fr\/wp-json\/wp\/v2\/users\/1"}],"replies":[{"embeddable":true,"href":"https:\/\/larucheindustrielle.fr\/fr\/wp-json\/wp\/v2\/comments?post=1666"}],"version-history":[{"count":0,"href":"https:\/\/larucheindustrielle.fr\/fr\/wp-json\/wp\/v2\/pages\/1666\/revisions"}],"wp:attachment":[{"href":"https:\/\/larucheindustrielle.fr\/fr\/wp-json\/wp\/v2\/media?parent=1666"}],"curies":[{"name":"wp","href":"https:\/\/api.w.org\/{rel}","templated":true}]}}