{"id":40,"date":"2025-04-18T08:55:56","date_gmt":"2025-04-18T06:55:56","guid":{"rendered":"https:\/\/larucheindustrielle.fr\/?page_id=40"},"modified":"2025-06-02T15:24:57","modified_gmt":"2025-06-02T13:24:57","slug":"programme-boostart-intrapreneuriat","status":"publish","type":"page","link":"https:\/\/larucheindustrielle.fr\/fr\/activites\/programme-boostart-intrapreneuriat\/","title":{"rendered":"Le programme Boostart"},"content":{"rendered":"<p>[et_pb_section fb_built=\u00a0\u00bb1&Prime; module_class=\u00a0\u00bbbandeauTop bandeauNoPhoto\u00a0\u00bb _builder_version=\u00a0\u00bb4.21.0&Prime; _module_preset=\u00a0\u00bbdefault\u00a0\u00bb da_disable_devices=\u00a0\u00bboff|off|off\u00a0\u00bb collapsed=\u00a0\u00bbon\u00a0\u00bb global_colors_info=\u00a0\u00bb{}\u00a0\u00bb da_is_popup=\u00a0\u00bboff\u00a0\u00bb da_exit_intent=\u00a0\u00bboff\u00a0\u00bb da_has_close=\u00a0\u00bbon\u00a0\u00bb da_alt_close=\u00a0\u00bboff\u00a0\u00bb da_dark_close=\u00a0\u00bboff\u00a0\u00bb da_not_modal=\u00a0\u00bbon\u00a0\u00bb da_is_singular=\u00a0\u00bboff\u00a0\u00bb da_with_loader=\u00a0\u00bboff\u00a0\u00bb da_has_shadow=\u00a0\u00bbon\u00a0\u00bb][et_pb_row column_structure=\u00a0\u00bb1_2,1_2&Prime; _builder_version=\u00a0\u00bb4.21.0&Prime; _module_preset=\u00a0\u00bbdefault\u00a0\u00bb global_colors_info=\u00a0\u00bb{}\u00a0\u00bb][et_pb_column type=\u00a0\u00bb1_2&Prime; _builder_version=\u00a0\u00bb4.20.2&Prime; _module_preset=\u00a0\u00bbdefault\u00a0\u00bb global_colors_info=\u00a0\u00bb{}\u00a0\u00bb][et_pb_text admin_label=\u00a0\u00bbTitre de la page\u00a0\u00bb _builder_version=\u00a0\u00bb4.21.0&Prime; _module_preset=\u00a0\u00bbdefault\u00a0\u00bb global_colors_info=\u00a0\u00bb{}\u00a0\u00bb]<\/p>\n<h1>Le programme Boostart<\/h1>\n<p>[\/et_pb_text][et_pb_code admin_label=\u00a0\u00bbFil d&rsquo;ariane\u00a0\u00bb _builder_version=\u00a0\u00bb4.21.0&Prime; _module_preset=\u00a0\u00bbdefault\u00a0\u00bb global_colors_info=\u00a0\u00bb{}\u00a0\u00bb][\/et_pb_code][\/et_pb_column][et_pb_column type=\u00a0\u00bb1_2&Prime; _builder_version=\u00a0\u00bb4.20.2&Prime; _module_preset=\u00a0\u00bbdefault\u00a0\u00bb global_colors_info=\u00a0\u00bb{}\u00a0\u00bb][et_pb_text admin_label=\u00a0\u00bbhexa vert\u00a0\u00bb module_class=\u00a0\u00bbfloatingAnimation2 mask-2 hexaVert mask\u00a0\u00bb _builder_version=\u00a0\u00bb4.21.0&Prime; _module_preset=\u00a0\u00bbdefault\u00a0\u00bb background_color=\u00a0\u00bbrgba(94,207,138,0.5)\u00a0\u00bb global_colors_info=\u00a0\u00bb{}\u00a0\u00bb][\/et_pb_text][et_pb_text admin_label=\u00a0\u00bbhexa jaune\u00a0\u00bb module_class=\u00a0\u00bbfloatingAnimation mask-1 hexaJaune mask\u00a0\u00bb _builder_version=\u00a0\u00bb4.21.0&Prime; _module_preset=\u00a0\u00bbdefault\u00a0\u00bb background_color=\u00a0\u00bbrgba(255,223,6,0.5)\u00a0\u00bb global_colors_info=\u00a0\u00bb{}\u00a0\u00bb][\/et_pb_text][\/et_pb_column][\/et_pb_row][\/et_pb_section][et_pb_section fb_built=\u00a0\u00bb1&Prime; _builder_version=\u00a0\u00bb4.21.0&Prime; _module_preset=\u00a0\u00bbdefault\u00a0\u00bb da_disable_devices=\u00a0\u00bboff|off|off\u00a0\u00bb global_colors_info=\u00a0\u00bb{}\u00a0\u00bb da_is_popup=\u00a0\u00bboff\u00a0\u00bb da_exit_intent=\u00a0\u00bboff\u00a0\u00bb da_has_close=\u00a0\u00bbon\u00a0\u00bb da_alt_close=\u00a0\u00bboff\u00a0\u00bb da_dark_close=\u00a0\u00bboff\u00a0\u00bb da_not_modal=\u00a0\u00bbon\u00a0\u00bb da_is_singular=\u00a0\u00bboff\u00a0\u00bb da_with_loader=\u00a0\u00bboff\u00a0\u00bb da_has_shadow=\u00a0\u00bbon\u00a0\u00bb][et_pb_row column_structure=\u00a0\u00bb1_2,1_2&Prime; module_class=\u00a0\u00bbdFlex\u00a0\u00bb _builder_version=\u00a0\u00bb4.27.4&Prime; _module_preset=\u00a0\u00bbdefault\u00a0\u00bb locked=\u00a0\u00bboff\u00a0\u00bb global_colors_info=\u00a0\u00bb{}\u00a0\u00bb][et_pb_column type=\u00a0\u00bb1_2&Prime; _builder_version=\u00a0\u00bb4.20.2&Prime; _module_preset=\u00a0\u00bbdefault\u00a0\u00bb global_colors_info=\u00a0\u00bb{}\u00a0\u00bb][et_pb_text _builder_version=\u00a0\u00bb4.27.4&Prime; _module_preset=\u00a0\u00bbdefault\u00a0\u00bb global_colors_info=\u00a0\u00bb{}\u00a0\u00bb]<\/p>\n<h3><strong>Devenez acteur du changement gr\u00e2ce \u00e0 un programme court<\/strong> avec de l\u2019impact sur les collaborateurs et les organisations !<\/h3>\n<p>[\/et_pb_text][et_pb_text _builder_version=\u00a0\u00bb4.27.4&Prime; _module_preset=\u00a0\u00bbdefault\u00a0\u00bb global_colors_info=\u00a0\u00bb{}\u00a0\u00bb]<\/p>\n<p><strong>Boostart, c&rsquo;est LE programme qui booste le potentiel de transformation et acc\u00e9l\u00e8re les projets des intrapreneurs !<\/strong><\/p>\n<p>Programme phare d\u2019intraprenariat et d\u2019acc\u00e9l\u00e9ration de projets innovants de La Ruche depuis 2018, <strong>15 promotions<\/strong> ont pu en b\u00e9n\u00e9ficier et mettre la <strong>culture de l\u2019innovation<\/strong> dans l&rsquo;ADN des \u00e9quipes !<\/p>\n<p>&nbsp;<\/p>\n<h4>Les b\u00e9n\u00e9fices du programme :<\/h4>\n<ul>\n<li>Challenger son projet,<\/li>\n<li>Acc\u00e9l\u00e9rer son projet en phase de lancement,<\/li>\n<li>Questionner le besoin, pivoter et explorer de nouvelles voies de d\u00e9veloppement,<\/li>\n<li>Activer l&rsquo;\u00e9cosyst\u00e8me du projet en \u00ab\u00a0entreprise \u00e9tendue\u00a0\u00bb pour constituer une \u00e9quipe de travail solide,<\/li>\n<li>D\u00e9cider de poursuivre ou de stopper le projet via un Go \/ No Go rapide.<\/li>\n<\/ul>\n<p>[\/et_pb_text][\/et_pb_column][et_pb_column type=\u00a0\u00bb1_2&Prime; module_class=\u00a0\u00bbhiddenFlow\u00a0\u00bb _builder_version=\u00a0\u00bb4.21.0&Prime; _module_preset=\u00a0\u00bbdefault\u00a0\u00bb global_colors_info=\u00a0\u00bb{}\u00a0\u00bb][et_pb_image src=\u00a0\u00bbhttps:\/\/larucheindustrielle.fr\/wp-content\/uploads\/2024\/02\/IMG_3444-scaled.jpg\u00a0\u00bb title_text=\u00a0\u00bbIMG_3444&Prime; module_class=\u00a0\u00bbmaskPhoto\u00a0\u00bb _builder_version=\u00a0\u00bb4.23.1&Prime; _module_preset=\u00a0\u00bbdefault\u00a0\u00bb global_colors_info=\u00a0\u00bb{}\u00a0\u00bb][\/et_pb_image][\/et_pb_column][\/et_pb_row][et_pb_row column_structure=\u00a0\u00bb1_2,1_2&Prime; module_class=\u00a0\u00bbdFlex\u00a0\u00bb _builder_version=\u00a0\u00bb4.27.4&Prime; _module_preset=\u00a0\u00bbdefault\u00a0\u00bb locked=\u00a0\u00bboff\u00a0\u00bb global_colors_info=\u00a0\u00bb{}\u00a0\u00bb][et_pb_column type=\u00a0\u00bb1_2&Prime; _builder_version=\u00a0\u00bb4.20.2&Prime; _module_preset=\u00a0\u00bbdefault\u00a0\u00bb global_colors_info=\u00a0\u00bb{}\u00a0\u00bb][et_pb_image src=\u00a0\u00bbhttps:\/\/larucheindustrielle.fr\/wp-content\/uploads\/2025\/05\/PXL_20250410_072552513-scaled.jpg\u00a0\u00bb title_text=\u00a0\u00bbPXL_20250410_072552513&Prime; module_class=\u00a0\u00bbmaskPhoto\u00a0\u00bb _builder_version=\u00a0\u00bb4.27.4&Prime; _module_preset=\u00a0\u00bbdefault\u00a0\u00bb global_colors_info=\u00a0\u00bb{}\u00a0\u00bb][\/et_pb_image][\/et_pb_column][et_pb_column type=\u00a0\u00bb1_2&Prime; _builder_version=\u00a0\u00bb4.20.2&Prime; _module_preset=\u00a0\u00bbdefault\u00a0\u00bb global_colors_info=\u00a0\u00bb{}\u00a0\u00bb][et_pb_text _builder_version=\u00a0\u00bb4.27.4&Prime; _module_preset=\u00a0\u00bbdefault\u00a0\u00bb global_colors_info=\u00a0\u00bb{}\u00a0\u00bb]<\/p>\n<h4>A qui s&rsquo;adresse t&rsquo;il ?<\/h4>\n<p>Aux <strong>porteurs de projets en phase de d\u00e9marrage, <\/strong>quelque soit le type de projet :<\/p>\n<ul>\n<li>projets technologiques,<\/li>\n<li>business \/ marketing,<\/li>\n<li>d\u00e9veloppement produit,<\/li>\n<li>RH, etc.<\/li>\n<\/ul>\n<p><strong>Il permet de d\u00e9velopper sa posture d\u2019intrapreneur :<\/strong><\/p>\n<ul>\n<li>R\u00e9v\u00e9ler ses talents et d\u00e9passer ses croyances limitantes,<\/li>\n<li>Se challenger et se donner les moyens de r\u00e9pondre \u00e0 son objectif,<\/li>\n<li>\u00c9changer entre pairs, travailler en r\u00e9seau et s\u2019ouvrir \u00e0 d\u2019autres mod\u00e8les,<\/li>\n<li>Se d\u00e9velopper personnellement.<\/li>\n<\/ul>\n<h4>\u00a0<\/h4>\n<h4>Comment \u00e7a marche ?<\/h4>\n<ul>\n<li>Un programme sur <strong>3 mois<\/strong><\/li>\n<li>Une <strong>promotion r\u00e9duite<\/strong> de 4-6 porteurs de projets<\/li>\n<li>Des s\u00e9ances <strong>chaque semaine en pr\u00e9sentiel<\/strong> \u00e0 La Ruche Industrielle<\/li>\n<li>Une<a href=\"https:\/\/larucheindustrielle.fr\/fr\/boostart-programme-intrapreneurariat\/\" target=\"_blank\" rel=\"noopener\"> journ\u00e9e \u00ab\u00a0Marathon\u00a0\u00bb<\/a> permettant de travailler le projet avec ses parties prenantes<\/li>\n<li>Deux promotions chaque ann\u00e9e<\/li>\n<\/ul>\n<p>[\/et_pb_text][\/et_pb_column][\/et_pb_row][et_pb_row _builder_version=\u00a0\u00bb4.27.4&Prime; _module_preset=\u00a0\u00bbdefault\u00a0\u00bb global_colors_info=\u00a0\u00bb{}\u00a0\u00bb][et_pb_column type=\u00a0\u00bb4_4&Prime; _builder_version=\u00a0\u00bb4.27.4&Prime; _module_preset=\u00a0\u00bbdefault\u00a0\u00bb global_colors_info=\u00a0\u00bb{}\u00a0\u00bb][et_pb_image _builder_version=\u00a0\u00bb4.27.4&Prime; _module_preset=\u00a0\u00bbdefault\u00a0\u00bb title_text=\u00a0\u00bbDesign sans titre\u00a0\u00bb src=\u00a0\u00bbhttps:\/\/larucheindustrielle.fr\/wp-content\/uploads\/2025\/06\/Design-sans-titre.jpg\u00a0\u00bb url=\u00a0\u00bbhttps:\/\/youtu.be\/NGRaJ55aGxo\u00a0\u00bb hover_enabled=\u00a0\u00bb0&Prime; sticky_enabled=\u00a0\u00bb0&Prime; width=\u00a0\u00bb70%\u00a0\u00bb max_width=\u00a0\u00bb70%\u00a0\u00bb module_alignment=\u00a0\u00bbcenter\u00a0\u00bb][\/et_pb_image][et_pb_text _builder_version=\u00a0\u00bb4.27.4&Prime; _module_preset=\u00a0\u00bbdefault\u00a0\u00bb hover_enabled=\u00a0\u00bb0&Prime; global_colors_info=\u00a0\u00bb{}\u00a0\u00bb sticky_enabled=\u00a0\u00bb0&Prime;]<\/p>\n<h4 style=\"text-align: center;\">Ce qu&rsquo;en disent les participants<\/h4>\n<p>[\/et_pb_text][\/et_pb_column][\/et_pb_row][et_pb_row column_structure=\u00a0\u00bb1_2,1_2&Prime; _builder_version=\u00a0\u00bb4.27.4&Prime; _module_preset=\u00a0\u00bbdefault\u00a0\u00bb locked=\u00a0\u00bboff\u00a0\u00bb global_colors_info=\u00a0\u00bb{}\u00a0\u00bb][et_pb_column type=\u00a0\u00bb1_2&Prime; _builder_version=\u00a0\u00bb4.20.2&Prime; _module_preset=\u00a0\u00bbdefault\u00a0\u00bb global_colors_info=\u00a0\u00bb{}\u00a0\u00bb][et_pb_testimonial author=\u00a0\u00bbAntoine Teppaz Carrier\u00a0\u00bb job_title=\u00a0\u00bbIng\u00e9nieur M\u00e9thodes\u00a0\u00bb company_name=\u00a0\u00bbBosch Rexroth\u00a0\u00bb portrait_url=\u00a0\u00bbhttps:\/\/larucheindustrielle.fr\/wp-content\/uploads\/2025\/04\/antoine-teppaz.jpg\u00a0\u00bb _builder_version=\u00a0\u00bb4.27.4&Prime; _module_preset=\u00a0\u00bbdefault\u00a0\u00bb hover_enabled=\u00a0\u00bb0&Prime; global_colors_info=\u00a0\u00bb{}\u00a0\u00bb sticky_enabled=\u00a0\u00bb0&Prime;]<\/p>\n<p><span class=\"TextRun SCXP181935625 BCX8\" lang=\"FR-FR\" xml:lang=\"FR-FR\" data-scheme-color=\"@1F497D,,\" data-usefontface=\"true\" data-contrast=\"none\"><span class=\"NormalTextRun SCXP181935625 BCX8\">La journ\u00e9e Marathon, c&rsquo;est une journ\u00e9e de partage, d&rsquo;\u00e9changes et <\/span><\/span><span class=\"TextRun SCXP181935625 BCX8\" lang=\"FR-FR\" xml:lang=\"FR-FR\" data-scheme-color=\"@1F497D,,\" data-usefontface=\"true\" data-contrast=\"none\"><span class=\"NormalTextRun SCXP181935625 BCX8\">de connexion <\/span><\/span><span class=\"TextRun SpellingErrorZoomed SCXP181935625 BCX8\" lang=\"FR-FR\" xml:lang=\"FR-FR\" data-scheme-color=\"@1F497D,,\" data-usefontface=\"true\" data-contrast=\"none\"><span class=\"SCXP181935625 BCX8\">inter-services<\/span><\/span><span class=\"TextRun SCXP181935625 BCX8\" lang=\"FR-FR\" xml:lang=\"FR-FR\" data-scheme-color=\"@1F497D,,\" data-usefontface=\"true\" data-contrast=\"none\"><span class=\"NormalTextRun SCXP181935625 BCX8\"> qui a abouti <\/span><\/span><span class=\"TextRun SCXP181935625 BCX8\" lang=\"FR-FR\" xml:lang=\"FR-FR\" data-scheme-color=\"@1F497D,,\" data-usefontface=\"true\" data-contrast=\"none\"><span class=\"NormalTextRun SCXP181935625 BCX8\">sur des actions concr\u00e8tes.<\/span><\/span><span class=\"LineBreakBlob BlobObject SCXP181935625 BCX8\"><span class=\"SCXP181935625 BCX8\">\u200b <\/span><\/span><span class=\"TextRun SCXP181935625 BCX8\" lang=\"FR-FR\" xml:lang=\"FR-FR\" data-scheme-color=\"@1F497D,,\" data-usefontface=\"true\" data-contrast=\"none\"><span class=\"NormalTextRun SCXP181935625 BCX8\">Merci d&rsquo;\u00eatre venu aussi nombreux !<\/span><\/span><span class=\"EOP SCXP181935625 BCX8\">\u200b<\/span><\/p>\n<p>&nbsp;<\/p>\n<p>[\/et_pb_testimonial][\/et_pb_column][et_pb_column type=\u00a0\u00bb1_2&Prime; _builder_version=\u00a0\u00bb4.20.2&Prime; _module_preset=\u00a0\u00bbdefault\u00a0\u00bb global_colors_info=\u00a0\u00bb{}\u00a0\u00bb][et_pb_testimonial author=\u00a0\u00bbEFI Automotive\u00a0\u00bb job_title=\u00a0\u00bbAdh\u00e9rent de LaRuche Industrielle\u00a0\u00bb portrait_url=\u00a0\u00bbhttps:\/\/larucheindustrielle.fr\/wp-content\/uploads\/2025\/04\/aurelie-avian.jpg\u00a0\u00bb _builder_version=\u00a0\u00bb4.27.4&Prime; _module_preset=\u00a0\u00bbdefault\u00a0\u00bb global_colors_info=\u00a0\u00bb{}\u00a0\u00bb]<\/p>\n<p><span class=\"TextRun  BCX8 SCXP156876188\" lang=\"FR-FR\" xml:lang=\"FR-FR\" data-scheme-color=\"@1F497D,,\" data-usefontface=\"true\" data-contrast=\"none\"><span class=\"NormalTextRun  BCX8 SCXP156876188\">Le programme Boostart est un outil formidable pour <\/span><\/span><span class=\"TextRun  BCX8 SCXP156876188\" lang=\"FR-FR\" xml:lang=\"FR-FR\" data-scheme-color=\"@1F497D,,\" data-usefontface=\"true\" data-contrast=\"none\"><span class=\"NormalTextRun  BCX8 SCXP156876188\">faire de nos p\u00e9pites des diamants. N<\/span><\/span><span class=\"TextRun SpellingErrorZoomed  BCX8 SCXP156876188\" lang=\"FR-FR\" xml:lang=\"FR-FR\" data-scheme-color=\"@003466,,\" data-usefontface=\"true\" data-contrast=\"none\"><span class=\"BCX8 SCXP156876188\">otre Directrice du D\u00e9veloppement Commercial fait partie de la<\/span><\/span><span class=\"TextRun  BCX8 SCXP156876188\" lang=\"FR-FR\" xml:lang=\"FR-FR\" data-scheme-color=\"@1F497D,,\" data-usefontface=\"true\" data-contrast=\"none\"><span class=\"NormalTextRun  BCX8 SCXP156876188\"> promo \u00ab\u00a015\u00a0\u00bb<\/span><\/span><span class=\"TextRun  BCX8 SCXP156876188\" lang=\"FR-FR\" xml:lang=\"FR-FR\" data-scheme-color=\"@1F497D,,\" data-usefontface=\"true\" data-contrast=\"none\"><span class=\"NormalTextRun  BCX8 SCXP156876188\">. En route pour <\/span><\/span><span class=\"TextRun  BCX8 SCXP156876188\" lang=\"FR-FR\" xml:lang=\"FR-FR\" data-scheme-color=\"@1F497D,,\" data-usefontface=\"true\" data-contrast=\"none\"><span class=\"NormalTextRun  BCX8 SCXP156876188\">les sommets de <\/span><\/span><span class=\"TextRun  BCX8 SCXP156876188\" lang=\"FR-FR\" xml:lang=\"FR-FR\" data-scheme-color=\"@1F497D,,\" data-usefontface=\"true\" data-contrast=\"none\"><span class=\"NormalTextRun  BCX8 SCXP156876188\">l&rsquo;excellence <\/span><\/span><span class=\"TextRun SpellingErrorZoomed  BCX8 SCXP156876188\" lang=\"FR-FR\" xml:lang=\"FR-FR\" data-scheme-color=\"@1F497D,,\" data-usefontface=\"true\" data-contrast=\"none\"><span class=\"BCX8 SCXP156876188\">intrapreneuriale<\/span><\/span><span class=\"TextRun  BCX8 SCXP156876188\" lang=\"FR-FR\" xml:lang=\"FR-FR\" data-scheme-color=\"@1F497D,,\" data-usefontface=\"true\" data-contrast=\"none\"><span class=\"NormalTextRun  BCX8 SCXP156876188\"> et du savoir-\u00eatre !<\/span><\/span><span class=\"TextRun  BCX8 SCXP156876188\" lang=\"FR-FR\" xml:lang=\"FR-FR\" data-scheme-color=\"@1F497D,,\" data-usefontface=\"true\" data-contrast=\"none\"><span class=\"NormalTextRun  BCX8 SCXP156876188\">\u00a0<\/span><\/span><strong><span class=\"EOP  BCX8 SCXP156876188\">\u200b<\/span><\/strong><\/p>\n<p>[\/et_pb_testimonial][\/et_pb_column][\/et_pb_row][et_pb_row module_class=\u00a0\u00bbdFlex\u00a0\u00bb _builder_version=\u00a0\u00bb4.27.4&Prime; _module_preset=\u00a0\u00bbdefault\u00a0\u00bb locked=\u00a0\u00bboff\u00a0\u00bb global_colors_info=\u00a0\u00bb{}\u00a0\u00bb][et_pb_column type=\u00a0\u00bb4_4&Prime; _builder_version=\u00a0\u00bb4.20.2&Prime; _module_preset=\u00a0\u00bbdefault\u00a0\u00bb global_colors_info=\u00a0\u00bb{}\u00a0\u00bb][et_pb_text _builder_version=\u00a0\u00bb4.27.4&Prime; _module_preset=\u00a0\u00bbdefault\u00a0\u00bb global_colors_info=\u00a0\u00bb{}\u00a0\u00bb]<\/p>\n<h4 style=\"text-align: center;\">Pour en savoir plus<\/h4>\n<p style=\"text-align: center;\">Consultez les vid\u00e9os de pr\u00e9sentation des deux coachs :<\/p>\n<p style=\"text-align: center;\"><a href=\"https:\/\/youtu.be\/DRcxZXfpBM4?si=tre93f5A7DTcGC7k\" target=\"_blank\" rel=\"noopener\">Bertrand Felix<\/a> &#8211;\u00a0 Responsable Projets \u00e0 La Ruche Industrielle<\/p>\n<p style=\"text-align: center;\"><a href=\"https:\/\/youtu.be\/LiXOkkhjejk?si=ULag7fE003MD1CJU\" target=\"_blank\" rel=\"noopener\">Rapha\u00ebl Bala\u00ff<\/a>\u00a0&#8211; Coach et formateur exp\u00e9riment\u00e9<\/p>\n<p>[\/et_pb_text][et_pb_button button_url=\u00a0\u00bbmailto:bertrand.felix.ext@larucheindustrielle.fr\u00a0\u00bb button_text=\u00a0\u00bbInt\u00e9ress\u00e9s ? Contactez-nous !\u00a0\u00bb button_alignment=\u00a0\u00bbcenter\u00a0\u00bb admin_label=\u00a0\u00bbBouton %22Int\u00e9ressez ? Contactez-nous !%22&Prime; module_class=\u00a0\u00bbbtnBlue\u00a0\u00bb _builder_version=\u00a0\u00bb4.27.4&Prime; _module_preset=\u00a0\u00bbdefault\u00a0\u00bb custom_button=\u00a0\u00bbon\u00a0\u00bb button_icon=\u00a0\u00bb&#xf075;||fa||900&Prime; button_icon_placement=\u00a0\u00bbleft\u00a0\u00bb button_on_hover=\u00a0\u00bboff\u00a0\u00bb locked=\u00a0\u00bboff\u00a0\u00bb global_colors_info=\u00a0\u00bb{}\u00a0\u00bb][\/et_pb_button][\/et_pb_column][\/et_pb_row][\/et_pb_section]<\/p>\n","protected":false},"excerpt":{"rendered":"<p>Le programme BoostartDevenez acteur du changement gr\u00e2ce \u00e0 un programme court avec de l\u2019impact sur les collaborateurs et les organisations !Boostart, c&rsquo;est LE programme qui booste le potentiel de transformation et acc\u00e9l\u00e8re les projets des intrapreneurs ! Programme phare d\u2019intraprenariat et d\u2019acc\u00e9l\u00e9ration de projets innovants de La Ruche depuis 2018, 15 promotions ont pu en [&hellip;]<\/p>\n","protected":false},"author":1,"featured_media":0,"parent":34,"menu_order":0,"comment_status":"closed","ping_status":"closed","template":"","meta":{"_acf_changed":false,"_et_pb_use_builder":"on","_et_pb_old_content":"","_et_gb_content_width":"","footnotes":""},"class_list":["post-40","page","type-page","status-publish","hentry"],"acf":[],"yoast_head":"<!-- This site is optimized with the Yoast SEO plugin v27.1.1 - https:\/\/yoast.com\/product\/yoast-seo-wordpress\/ -->\n<title>Le programme Boostart - La Ruche industrielle<\/title>\n<meta name=\"description\" content=\"Le programme BOOSTART est le programme d\u2019intrapreneuriat et d\u2019acc\u00e9l\u00e9ration de projets innovants de La Ruche Industrielle.\" \/>\n<meta name=\"robots\" content=\"index, follow, max-snippet:-1, max-image-preview:large, max-video-preview:-1\" \/>\n<link rel=\"canonical\" href=\"https:\/\/larucheindustrielle.fr\/fr\/activites\/programme-boostart-intrapreneuriat\/\" \/>\n<meta property=\"og:locale\" content=\"fr_FR\" \/>\n<meta property=\"og:type\" content=\"article\" \/>\n<meta property=\"og:title\" content=\"Le programme Boostart - La Ruche industrielle\" \/>\n<meta property=\"og:description\" content=\"Le programme BOOSTART est le programme d\u2019intrapreneuriat et d\u2019acc\u00e9l\u00e9ration de projets innovants de La Ruche Industrielle.\" \/>\n<meta property=\"og:url\" content=\"https:\/\/larucheindustrielle.fr\/fr\/activites\/programme-boostart-intrapreneuriat\/\" \/>\n<meta property=\"og:site_name\" content=\"La Ruche industrielle\" \/>\n<meta property=\"article:modified_time\" content=\"2025-06-02T13:24:57+00:00\" \/>\n<meta name=\"twitter:card\" content=\"summary_large_image\" \/>\n<meta name=\"twitter:site\" content=\"@LaRucheIndus\" \/>\n<meta name=\"twitter:label1\" content=\"Dur\u00e9e de lecture estim\u00e9e\" \/>\n\t<meta name=\"twitter:data1\" content=\"3 minutes\" \/>\n<script type=\"application\/ld+json\" class=\"yoast-schema-graph\">{\"@context\":\"https:\/\/schema.org\",\"@graph\":[{\"@type\":\"WebPage\",\"@id\":\"https:\/\/larucheindustrielle.fr\/fr\/activites\/programme-boostart-intrapreneuriat\/\",\"url\":\"https:\/\/larucheindustrielle.fr\/fr\/activites\/programme-boostart-intrapreneuriat\/\",\"name\":\"Le programme Boostart - La Ruche industrielle\",\"isPartOf\":{\"@id\":\"https:\/\/larucheindustrielle.fr\/fr\/#website\"},\"datePublished\":\"2025-04-18T06:55:56+00:00\",\"dateModified\":\"2025-06-02T13:24:57+00:00\",\"description\":\"Le programme BOOSTART est le programme d\u2019intrapreneuriat et d\u2019acc\u00e9l\u00e9ration de projets innovants de La Ruche Industrielle.\",\"breadcrumb\":{\"@id\":\"https:\/\/larucheindustrielle.fr\/fr\/activites\/programme-boostart-intrapreneuriat\/#breadcrumb\"},\"inLanguage\":\"fr-FR\",\"potentialAction\":[{\"@type\":\"ReadAction\",\"target\":[\"https:\/\/larucheindustrielle.fr\/fr\/activites\/programme-boostart-intrapreneuriat\/\"]}]},{\"@type\":\"BreadcrumbList\",\"@id\":\"https:\/\/larucheindustrielle.fr\/fr\/activites\/programme-boostart-intrapreneuriat\/#breadcrumb\",\"itemListElement\":[{\"@type\":\"ListItem\",\"position\":1,\"name\":\"Activit\u00e9s\",\"item\":\"https:\/\/larucheindustrielle.fr\/fr\/activites\/\"},{\"@type\":\"ListItem\",\"position\":2,\"name\":\"Le programme Boostart\"}]},{\"@type\":\"WebSite\",\"@id\":\"https:\/\/larucheindustrielle.fr\/fr\/#website\",\"url\":\"https:\/\/larucheindustrielle.fr\/fr\/\",\"name\":\"La Ruche industrielle\",\"description\":\"Ici, on construit ensemble l&#039;industrie du futur !\",\"publisher\":{\"@id\":\"https:\/\/larucheindustrielle.fr\/fr\/#organization\"},\"potentialAction\":[{\"@type\":\"SearchAction\",\"target\":{\"@type\":\"EntryPoint\",\"urlTemplate\":\"https:\/\/larucheindustrielle.fr\/fr\/?s={search_term_string}\"},\"query-input\":{\"@type\":\"PropertyValueSpecification\",\"valueRequired\":true,\"valueName\":\"search_term_string\"}}],\"inLanguage\":\"fr-FR\"},{\"@type\":\"Organization\",\"@id\":\"https:\/\/larucheindustrielle.fr\/fr\/#organization\",\"name\":\"La Ruche industrielle\",\"url\":\"https:\/\/larucheindustrielle.fr\/fr\/\",\"logo\":{\"@type\":\"ImageObject\",\"inLanguage\":\"fr-FR\",\"@id\":\"https:\/\/larucheindustrielle.fr\/fr\/#\/schema\/logo\/image\/\",\"url\":\"https:\/\/larucheindustrielle.fr\/wp-content\/uploads\/2023\/06\/Home-page-Logo-la-ruche-en-bois.jpg\",\"contentUrl\":\"https:\/\/larucheindustrielle.fr\/wp-content\/uploads\/2023\/06\/Home-page-Logo-la-ruche-en-bois.jpg\",\"width\":1280,\"height\":853,\"caption\":\"La Ruche industrielle\"},\"image\":{\"@id\":\"https:\/\/larucheindustrielle.fr\/fr\/#\/schema\/logo\/image\/\"},\"sameAs\":[\"https:\/\/x.com\/LaRucheIndus\",\"https:\/\/fr.linkedin.com\/company\/la-ruche-industrielle\",\"https:\/\/www.youtube.com\/@larucheindustrielle932\",\"https:\/\/www.instagram.com\/larucheindustrielle\/\"]}]}<\/script>\n<!-- \/ Yoast SEO plugin. -->","yoast_head_json":{"title":"Le programme Boostart - La Ruche industrielle","description":"Le programme BOOSTART est le programme d\u2019intrapreneuriat et d\u2019acc\u00e9l\u00e9ration de projets innovants de La Ruche Industrielle.","robots":{"index":"index","follow":"follow","max-snippet":"max-snippet:-1","max-image-preview":"max-image-preview:large","max-video-preview":"max-video-preview:-1"},"canonical":"https:\/\/larucheindustrielle.fr\/fr\/activites\/programme-boostart-intrapreneuriat\/","og_locale":"fr_FR","og_type":"article","og_title":"Le programme Boostart - La Ruche industrielle","og_description":"Le programme BOOSTART est le programme d\u2019intrapreneuriat et d\u2019acc\u00e9l\u00e9ration de projets innovants de La Ruche Industrielle.","og_url":"https:\/\/larucheindustrielle.fr\/fr\/activites\/programme-boostart-intrapreneuriat\/","og_site_name":"La Ruche industrielle","article_modified_time":"2025-06-02T13:24:57+00:00","twitter_card":"summary_large_image","twitter_site":"@LaRucheIndus","twitter_misc":{"Dur\u00e9e de lecture estim\u00e9e":"3 minutes"},"schema":{"@context":"https:\/\/schema.org","@graph":[{"@type":"WebPage","@id":"https:\/\/larucheindustrielle.fr\/fr\/activites\/programme-boostart-intrapreneuriat\/","url":"https:\/\/larucheindustrielle.fr\/fr\/activites\/programme-boostart-intrapreneuriat\/","name":"Le programme Boostart - La Ruche industrielle","isPartOf":{"@id":"https:\/\/larucheindustrielle.fr\/fr\/#website"},"datePublished":"2025-04-18T06:55:56+00:00","dateModified":"2025-06-02T13:24:57+00:00","description":"Le programme BOOSTART est le programme d\u2019intrapreneuriat et d\u2019acc\u00e9l\u00e9ration de projets innovants de La Ruche Industrielle.","breadcrumb":{"@id":"https:\/\/larucheindustrielle.fr\/fr\/activites\/programme-boostart-intrapreneuriat\/#breadcrumb"},"inLanguage":"fr-FR","potentialAction":[{"@type":"ReadAction","target":["https:\/\/larucheindustrielle.fr\/fr\/activites\/programme-boostart-intrapreneuriat\/"]}]},{"@type":"BreadcrumbList","@id":"https:\/\/larucheindustrielle.fr\/fr\/activites\/programme-boostart-intrapreneuriat\/#breadcrumb","itemListElement":[{"@type":"ListItem","position":1,"name":"Activit\u00e9s","item":"https:\/\/larucheindustrielle.fr\/fr\/activites\/"},{"@type":"ListItem","position":2,"name":"Le programme Boostart"}]},{"@type":"WebSite","@id":"https:\/\/larucheindustrielle.fr\/fr\/#website","url":"https:\/\/larucheindustrielle.fr\/fr\/","name":"La Ruche industrielle","description":"Ici, on construit ensemble l&#039;industrie du futur !","publisher":{"@id":"https:\/\/larucheindustrielle.fr\/fr\/#organization"},"potentialAction":[{"@type":"SearchAction","target":{"@type":"EntryPoint","urlTemplate":"https:\/\/larucheindustrielle.fr\/fr\/?s={search_term_string}"},"query-input":{"@type":"PropertyValueSpecification","valueRequired":true,"valueName":"search_term_string"}}],"inLanguage":"fr-FR"},{"@type":"Organization","@id":"https:\/\/larucheindustrielle.fr\/fr\/#organization","name":"La Ruche industrielle","url":"https:\/\/larucheindustrielle.fr\/fr\/","logo":{"@type":"ImageObject","inLanguage":"fr-FR","@id":"https:\/\/larucheindustrielle.fr\/fr\/#\/schema\/logo\/image\/","url":"https:\/\/larucheindustrielle.fr\/wp-content\/uploads\/2023\/06\/Home-page-Logo-la-ruche-en-bois.jpg","contentUrl":"https:\/\/larucheindustrielle.fr\/wp-content\/uploads\/2023\/06\/Home-page-Logo-la-ruche-en-bois.jpg","width":1280,"height":853,"caption":"La Ruche industrielle"},"image":{"@id":"https:\/\/larucheindustrielle.fr\/fr\/#\/schema\/logo\/image\/"},"sameAs":["https:\/\/x.com\/LaRucheIndus","https:\/\/fr.linkedin.com\/company\/la-ruche-industrielle","https:\/\/www.youtube.com\/@larucheindustrielle932","https:\/\/www.instagram.com\/larucheindustrielle\/"]}]}},"publishpress_future_workflow_manual_trigger":{"enabledWorkflows":[]},"_links":{"self":[{"href":"https:\/\/larucheindustrielle.fr\/fr\/wp-json\/wp\/v2\/pages\/40","targetHints":{"allow":["GET"]}}],"collection":[{"href":"https:\/\/larucheindustrielle.fr\/fr\/wp-json\/wp\/v2\/pages"}],"about":[{"href":"https:\/\/larucheindustrielle.fr\/fr\/wp-json\/wp\/v2\/types\/page"}],"author":[{"embeddable":true,"href":"https:\/\/larucheindustrielle.fr\/fr\/wp-json\/wp\/v2\/users\/1"}],"replies":[{"embeddable":true,"href":"https:\/\/larucheindustrielle.fr\/fr\/wp-json\/wp\/v2\/comments?post=40"}],"version-history":[{"count":0,"href":"https:\/\/larucheindustrielle.fr\/fr\/wp-json\/wp\/v2\/pages\/40\/revisions"}],"up":[{"embeddable":true,"href":"https:\/\/larucheindustrielle.fr\/fr\/wp-json\/wp\/v2\/pages\/34"}],"wp:attachment":[{"href":"https:\/\/larucheindustrielle.fr\/fr\/wp-json\/wp\/v2\/media?parent=40"}],"curies":[{"name":"wp","href":"https:\/\/api.w.org\/{rel}","templated":true}]}}