{"id":863,"date":"2024-03-01T10:23:58","date_gmt":"2024-03-01T09:23:58","guid":{"rendered":"https:\/\/larucheindustrielle.fr\/?page_id=863"},"modified":"2024-03-01T10:59:42","modified_gmt":"2024-03-01T09:59:42","slug":"les-visites-croisees","status":"publish","type":"page","link":"https:\/\/larucheindustrielle.fr\/fr\/activites\/les-visites-croisees\/","title":{"rendered":"Les visites crois\u00e9es"},"content":{"rendered":"<p>[et_pb_section fb_built=\u00a0\u00bb1&Prime; module_class=\u00a0\u00bbbandeauTop\u00a0\u00bb _builder_version=\u00a0\u00bb4.21.0&Prime; _module_preset=\u00a0\u00bbdefault\u00a0\u00bb da_disable_devices=\u00a0\u00bboff|off|off\u00a0\u00bb global_colors_info=\u00a0\u00bb{}\u00a0\u00bb da_is_popup=\u00a0\u00bboff\u00a0\u00bb da_exit_intent=\u00a0\u00bboff\u00a0\u00bb da_has_close=\u00a0\u00bbon\u00a0\u00bb da_alt_close=\u00a0\u00bboff\u00a0\u00bb da_dark_close=\u00a0\u00bboff\u00a0\u00bb da_not_modal=\u00a0\u00bbon\u00a0\u00bb da_is_singular=\u00a0\u00bboff\u00a0\u00bb da_with_loader=\u00a0\u00bboff\u00a0\u00bb da_has_shadow=\u00a0\u00bbon\u00a0\u00bb][et_pb_row column_structure=\u00a0\u00bb1_2,1_2&Prime; _builder_version=\u00a0\u00bb4.20.2&Prime; _module_preset=\u00a0\u00bbdefault\u00a0\u00bb global_colors_info=\u00a0\u00bb{}\u00a0\u00bb][et_pb_column type=\u00a0\u00bb1_2&Prime; _builder_version=\u00a0\u00bb4.20.2&Prime; _module_preset=\u00a0\u00bbdefault\u00a0\u00bb global_colors_info=\u00a0\u00bb{}\u00a0\u00bb][et_pb_text admin_label=\u00a0\u00bbTitre de la page\u00a0\u00bb _builder_version=\u00a0\u00bb4.21.0&Prime; _module_preset=\u00a0\u00bbdefault\u00a0\u00bb global_colors_info=\u00a0\u00bb{}\u00a0\u00bb]<\/p>\n<h1>Les visites crois\u00e9es<\/h1>\n<p>[\/et_pb_text][et_pb_code admin_label=\u00a0\u00bbFil d&rsquo;ariane\u00a0\u00bb _builder_version=\u00a0\u00bb4.21.0&Prime; _module_preset=\u00a0\u00bbdefault\u00a0\u00bb global_colors_info=\u00a0\u00bb{}\u00a0\u00bb][\/et_pb_code][\/et_pb_column][et_pb_column type=\u00a0\u00bb1_2&Prime; _builder_version=\u00a0\u00bb4.20.2&Prime; _module_preset=\u00a0\u00bbdefault\u00a0\u00bb global_colors_info=\u00a0\u00bb{}\u00a0\u00bb][et_pb_text admin_label=\u00a0\u00bbhexa vert\u00a0\u00bb module_class=\u00a0\u00bbfloatingAnimation2 mask-2 hexaVert mask\u00a0\u00bb _builder_version=\u00a0\u00bb4.21.0&Prime; _module_preset=\u00a0\u00bbdefault\u00a0\u00bb background_color=\u00a0\u00bbrgba(94,207,138,0.5)\u00a0\u00bb global_colors_info=\u00a0\u00bb{}\u00a0\u00bb][\/et_pb_text][et_pb_text admin_label=\u00a0\u00bbhexa jaune\u00a0\u00bb module_class=\u00a0\u00bbfloatingAnimation mask-1 hexaJaune mask\u00a0\u00bb _builder_version=\u00a0\u00bb4.21.0&Prime; _module_preset=\u00a0\u00bbdefault\u00a0\u00bb background_color=\u00a0\u00bbrgba(255,223,6,0.5)\u00a0\u00bb global_colors_info=\u00a0\u00bb{}\u00a0\u00bb][\/et_pb_text][\/et_pb_column][\/et_pb_row][\/et_pb_section][et_pb_section fb_built=\u00a0\u00bb1&Prime; admin_label=\u00a0\u00bbLes partenaires\u00a0\u00bb _builder_version=\u00a0\u00bb4.21.0&Prime; _module_preset=\u00a0\u00bbdefault\u00a0\u00bb da_disable_devices=\u00a0\u00bboff|off|off\u00a0\u00bb locked=\u00a0\u00bboff\u00a0\u00bb collapsed=\u00a0\u00bboff\u00a0\u00bb global_colors_info=\u00a0\u00bb{}\u00a0\u00bb da_is_popup=\u00a0\u00bboff\u00a0\u00bb da_exit_intent=\u00a0\u00bboff\u00a0\u00bb da_has_close=\u00a0\u00bbon\u00a0\u00bb da_alt_close=\u00a0\u00bboff\u00a0\u00bb da_dark_close=\u00a0\u00bboff\u00a0\u00bb da_not_modal=\u00a0\u00bbon\u00a0\u00bb da_is_singular=\u00a0\u00bboff\u00a0\u00bb da_with_loader=\u00a0\u00bboff\u00a0\u00bb da_has_shadow=\u00a0\u00bbon\u00a0\u00bb][et_pb_row module_class=\u00a0\u00bbrowImgDroite dFlex\u00a0\u00bb _builder_version=\u00a0\u00bb4.23.1&Prime; _module_preset=\u00a0\u00bbdefault\u00a0\u00bb locked=\u00a0\u00bboff\u00a0\u00bb global_colors_info=\u00a0\u00bb{}\u00a0\u00bb][et_pb_column type=\u00a0\u00bb4_4&Prime; _builder_version=\u00a0\u00bb4.20.2&Prime; _module_preset=\u00a0\u00bbdefault\u00a0\u00bb global_colors_info=\u00a0\u00bb{}\u00a0\u00bb][et_pb_text _builder_version=\u00a0\u00bb4.23.1&Prime; _module_preset=\u00a0\u00bbdefault\u00a0\u00bb global_colors_info=\u00a0\u00bb{}\u00a0\u00bb]<\/p>\n<p>R\u00e9serv\u00e9es aux membres de La Ruche Industrielle, ces visites sont des <strong>occasions uniques <\/strong>pour :<\/p>\n<ul>\n<li><strong>d\u00e9couvrir des sites industriels<\/strong> entre membres de La Ruche,<\/li>\n<li><strong>\u00eatre au c\u0153ur des projets et des d\u00e9marches<\/strong> entreprises par des acteurs du tissu industriel de la r\u00e9gion.<\/li>\n<\/ul>\n<p>Un temps d\u00e9di\u00e9 propice aux \u00e9changes et au partage d\u2019exp\u00e9rience \u00e0 ne pas manquer !<\/p>\n<p>&nbsp;<\/p>\n<p>[\/et_pb_text][et_pb_text _builder_version=\u00a0\u00bb4.23.1&Prime; _module_preset=\u00a0\u00bbdefault\u00a0\u00bb global_colors_info=\u00a0\u00bb{}\u00a0\u00bb]<\/p>\n<h3>Quelques exemples de visites marquantes<\/h3>\n<h4>Volvo Trucks le 24 mai 2024<\/h4>\n<p>Une visite dans le cadre du projet Optimisation \u00e9nerg\u00e9tique des b\u00e2timents et processus industriels<br \/><a href=\"https:\/\/larucheindustrielle.fr\/fr\/optimisation-energie-visite-volvo\/\" target=\"_blank\" rel=\"noopener\">En savoir plus sur la visite<\/a><\/p>\n<p><img loading=\"lazy\" decoding=\"async\" class=\"alignnone wp-image-2925 size-large\" src=\"https:\/\/larucheindustrielle.fr\/wp-content\/uploads\/2023\/07\/Visite-Volvo-Groupe-projet-optimisation-energetique-e1689164292789-1024x629.jpg\" alt=\"\" width=\"1024\" height=\"629\" srcset=\"https:\/\/larucheindustrielle.fr\/wp-content\/uploads\/2023\/07\/Visite-Volvo-Groupe-projet-optimisation-energetique-e1689164292789-980x551.jpg 980w, https:\/\/larucheindustrielle.fr\/wp-content\/uploads\/2023\/07\/Visite-Volvo-Groupe-projet-optimisation-energetique-e1689164292789-480x270.jpg 480w\" sizes=\"(min-width: 0px) and (max-width: 480px) 480px, (min-width: 481px) and (max-width: 980px) 980px, (min-width: 981px) 1024px, 100vw\" \/><\/p>\n<h4>\u00a0<\/h4>\n<h4>Montabert le 19 juillet 2023<\/h4>\n<p>Une visite dans le cadre du projet Optimisation \u00e9nerg\u00e9tique des b\u00e2timents et processus industriels<br \/><a href=\"https:\/\/larucheindustrielle.fr\/fr\/rex-projet-optimisation-energetique-2024\/\" target=\"_blank\" rel=\"noopener\">En savoir plus sur le projet<\/a><\/p>\n<p><img loading=\"lazy\" decoding=\"async\" class=\"alignnone wp-image-5104 size-full\" src=\"https:\/\/larucheindustrielle.fr\/wp-content\/uploads\/2024\/03\/visite-montabert-2023.png\" alt=\"\" width=\"432\" height=\"705\" srcset=\"https:\/\/larucheindustrielle.fr\/wp-content\/uploads\/2024\/03\/visite-montabert-2023.png 432w, https:\/\/larucheindustrielle.fr\/wp-content\/uploads\/2024\/03\/visite-montabert-2023-184x300.png 184w\" sizes=\"(max-width: 432px) 100vw, 432px\" \/><\/p>\n<h4>Bosch Rexroth le 24 novembre 2023<\/h4>\n<p>Une visite dans le cadre du Cercle d&rsquo;\u00e9change AGV<br \/><a href=\"https:\/\/larucheindustrielle.fr\/fr\/activites\/les-cercles-dechange\/\" target=\"_blank\" rel=\"noopener\">En savoir plus sur les cercles d&rsquo;\u00e9changes<\/a><\/p>\n<p>&nbsp;<\/p>\n<p><img loading=\"lazy\" decoding=\"async\" class=\"alignnone wp-image-5102 size-full\" src=\"https:\/\/larucheindustrielle.fr\/wp-content\/uploads\/2024\/03\/visite-bosch-rexroth-2023.png\" alt=\"\" width=\"422\" height=\"649\" srcset=\"https:\/\/larucheindustrielle.fr\/wp-content\/uploads\/2024\/03\/visite-bosch-rexroth-2023.png 422w, https:\/\/larucheindustrielle.fr\/wp-content\/uploads\/2024\/03\/visite-bosch-rexroth-2023-195x300.png 195w\" sizes=\"(max-width: 422px) 100vw, 422px\" \/><\/p>\n<p>&nbsp;<\/p>\n<p>[\/et_pb_text][et_pb_button button_url=\u00a0\u00bbhttps:\/\/larucheindustrielle.fr\/?page_id=448&Prime; button_text=\u00a0\u00bbContact\u00a0\u00bb button_alignment=\u00a0\u00bbcenter\u00a0\u00bb admin_label=\u00a0\u00bbBouton %22Contact%22&Prime; module_class=\u00a0\u00bbbtnBlue\u00a0\u00bb _builder_version=\u00a0\u00bb4.23.1&Prime; _module_preset=\u00a0\u00bbdefault\u00a0\u00bb custom_button=\u00a0\u00bbon\u00a0\u00bb button_icon=\u00a0\u00bb&#xf075;||fa||900&Prime; button_icon_placement=\u00a0\u00bbleft\u00a0\u00bb button_on_hover=\u00a0\u00bboff\u00a0\u00bb locked=\u00a0\u00bboff\u00a0\u00bb global_colors_info=\u00a0\u00bb{}\u00a0\u00bb][\/et_pb_button][\/et_pb_column][\/et_pb_row][\/et_pb_section]<\/p>\n","protected":false},"excerpt":{"rendered":"<p>Les visites crois\u00e9esR\u00e9serv\u00e9es aux membres de La Ruche Industrielle, ces visites sont des occasions uniques pour : d\u00e9couvrir des sites industriels entre membres de La Ruche, \u00eatre au c\u0153ur des projets et des d\u00e9marches entreprises par des acteurs du tissu industriel de la r\u00e9gion. Un temps d\u00e9di\u00e9 propice aux \u00e9changes et au partage d\u2019exp\u00e9rience \u00e0 [&hellip;]<\/p>\n","protected":false},"author":1,"featured_media":0,"parent":34,"menu_order":0,"comment_status":"closed","ping_status":"closed","template":"","meta":{"_acf_changed":false,"_et_pb_use_builder":"on","_et_pb_old_content":"","_et_gb_content_width":"","footnotes":""},"class_list":["post-863","page","type-page","status-publish","hentry"],"acf":[],"yoast_head":"<!-- This site is optimized with the Yoast SEO plugin v27.1.1 - https:\/\/yoast.com\/product\/yoast-seo-wordpress\/ -->\n<title>Les visites crois\u00e9es - La Ruche industrielle<\/title>\n<meta name=\"robots\" content=\"index, follow, max-snippet:-1, max-image-preview:large, max-video-preview:-1\" \/>\n<link rel=\"canonical\" href=\"https:\/\/larucheindustrielle.fr\/fr\/activites\/les-visites-croisees\/\" \/>\n<meta property=\"og:locale\" content=\"fr_FR\" \/>\n<meta property=\"og:type\" content=\"article\" \/>\n<meta property=\"og:title\" content=\"Les visites crois\u00e9es - La Ruche industrielle\" \/>\n<meta property=\"og:description\" content=\"Les visites crois\u00e9esR\u00e9serv\u00e9es aux membres de La Ruche Industrielle, ces visites sont des occasions uniques pour : d\u00e9couvrir des sites industriels entre membres de La Ruche, \u00eatre au c\u0153ur des projets et des d\u00e9marches entreprises par des acteurs du tissu industriel de la r\u00e9gion. Un temps d\u00e9di\u00e9 propice aux \u00e9changes et au partage d\u2019exp\u00e9rience \u00e0 [&hellip;]\" \/>\n<meta property=\"og:url\" content=\"https:\/\/larucheindustrielle.fr\/fr\/activites\/les-visites-croisees\/\" \/>\n<meta property=\"og:site_name\" content=\"La Ruche industrielle\" \/>\n<meta property=\"article:modified_time\" content=\"2024-03-01T09:59:42+00:00\" \/>\n<meta property=\"og:image\" content=\"https:\/\/larucheindustrielle.fr\/wp-content\/uploads\/2023\/07\/Visite-Volvo-Groupe-projet-optimisation-energetique-e1689164292789-1024x629.jpg\" \/>\n<meta name=\"twitter:card\" content=\"summary_large_image\" \/>\n<meta name=\"twitter:site\" content=\"@LaRucheIndus\" \/>\n<meta name=\"twitter:label1\" content=\"Dur\u00e9e de lecture estim\u00e9e\" \/>\n\t<meta name=\"twitter:data1\" content=\"2 minutes\" \/>\n<script type=\"application\/ld+json\" class=\"yoast-schema-graph\">{\"@context\":\"https:\/\/schema.org\",\"@graph\":[{\"@type\":\"WebPage\",\"@id\":\"https:\/\/larucheindustrielle.fr\/fr\/activites\/les-visites-croisees\/\",\"url\":\"https:\/\/larucheindustrielle.fr\/fr\/activites\/les-visites-croisees\/\",\"name\":\"Les visites crois\u00e9es - La Ruche industrielle\",\"isPartOf\":{\"@id\":\"https:\/\/larucheindustrielle.fr\/fr\/#website\"},\"primaryImageOfPage\":{\"@id\":\"https:\/\/larucheindustrielle.fr\/fr\/activites\/les-visites-croisees\/#primaryimage\"},\"image\":{\"@id\":\"https:\/\/larucheindustrielle.fr\/fr\/activites\/les-visites-croisees\/#primaryimage\"},\"thumbnailUrl\":\"https:\/\/larucheindustrielle.fr\/wp-content\/uploads\/2023\/07\/Visite-Volvo-Groupe-projet-optimisation-energetique-e1689164292789-1024x629.jpg\",\"datePublished\":\"2024-03-01T09:23:58+00:00\",\"dateModified\":\"2024-03-01T09:59:42+00:00\",\"breadcrumb\":{\"@id\":\"https:\/\/larucheindustrielle.fr\/fr\/activites\/les-visites-croisees\/#breadcrumb\"},\"inLanguage\":\"fr-FR\",\"potentialAction\":[{\"@type\":\"ReadAction\",\"target\":[\"https:\/\/larucheindustrielle.fr\/fr\/activites\/les-visites-croisees\/\"]}]},{\"@type\":\"ImageObject\",\"inLanguage\":\"fr-FR\",\"@id\":\"https:\/\/larucheindustrielle.fr\/fr\/activites\/les-visites-croisees\/#primaryimage\",\"url\":\"https:\/\/larucheindustrielle.fr\/wp-content\/uploads\/2023\/07\/Visite-Volvo-Groupe-projet-optimisation-energetique-e1689164292789-1024x629.jpg\",\"contentUrl\":\"https:\/\/larucheindustrielle.fr\/wp-content\/uploads\/2023\/07\/Visite-Volvo-Groupe-projet-optimisation-energetique-e1689164292789-1024x629.jpg\"},{\"@type\":\"BreadcrumbList\",\"@id\":\"https:\/\/larucheindustrielle.fr\/fr\/activites\/les-visites-croisees\/#breadcrumb\",\"itemListElement\":[{\"@type\":\"ListItem\",\"position\":1,\"name\":\"Activit\u00e9s\",\"item\":\"https:\/\/larucheindustrielle.fr\/fr\/activites\/\"},{\"@type\":\"ListItem\",\"position\":2,\"name\":\"Les visites crois\u00e9es\"}]},{\"@type\":\"WebSite\",\"@id\":\"https:\/\/larucheindustrielle.fr\/fr\/#website\",\"url\":\"https:\/\/larucheindustrielle.fr\/fr\/\",\"name\":\"La Ruche industrielle\",\"description\":\"Ici, on construit ensemble l&#039;industrie du futur !\",\"publisher\":{\"@id\":\"https:\/\/larucheindustrielle.fr\/fr\/#organization\"},\"potentialAction\":[{\"@type\":\"SearchAction\",\"target\":{\"@type\":\"EntryPoint\",\"urlTemplate\":\"https:\/\/larucheindustrielle.fr\/fr\/?s={search_term_string}\"},\"query-input\":{\"@type\":\"PropertyValueSpecification\",\"valueRequired\":true,\"valueName\":\"search_term_string\"}}],\"inLanguage\":\"fr-FR\"},{\"@type\":\"Organization\",\"@id\":\"https:\/\/larucheindustrielle.fr\/fr\/#organization\",\"name\":\"La Ruche industrielle\",\"url\":\"https:\/\/larucheindustrielle.fr\/fr\/\",\"logo\":{\"@type\":\"ImageObject\",\"inLanguage\":\"fr-FR\",\"@id\":\"https:\/\/larucheindustrielle.fr\/fr\/#\/schema\/logo\/image\/\",\"url\":\"https:\/\/larucheindustrielle.fr\/wp-content\/uploads\/2023\/06\/Home-page-Logo-la-ruche-en-bois.jpg\",\"contentUrl\":\"https:\/\/larucheindustrielle.fr\/wp-content\/uploads\/2023\/06\/Home-page-Logo-la-ruche-en-bois.jpg\",\"width\":1280,\"height\":853,\"caption\":\"La Ruche industrielle\"},\"image\":{\"@id\":\"https:\/\/larucheindustrielle.fr\/fr\/#\/schema\/logo\/image\/\"},\"sameAs\":[\"https:\/\/x.com\/LaRucheIndus\",\"https:\/\/fr.linkedin.com\/company\/la-ruche-industrielle\",\"https:\/\/www.youtube.com\/@larucheindustrielle932\",\"https:\/\/www.instagram.com\/larucheindustrielle\/\"]}]}<\/script>\n<!-- \/ Yoast SEO plugin. -->","yoast_head_json":{"title":"Les visites crois\u00e9es - La Ruche industrielle","robots":{"index":"index","follow":"follow","max-snippet":"max-snippet:-1","max-image-preview":"max-image-preview:large","max-video-preview":"max-video-preview:-1"},"canonical":"https:\/\/larucheindustrielle.fr\/fr\/activites\/les-visites-croisees\/","og_locale":"fr_FR","og_type":"article","og_title":"Les visites crois\u00e9es - La Ruche industrielle","og_description":"Les visites crois\u00e9esR\u00e9serv\u00e9es aux membres de La Ruche Industrielle, ces visites sont des occasions uniques pour : d\u00e9couvrir des sites industriels entre membres de La Ruche, \u00eatre au c\u0153ur des projets et des d\u00e9marches entreprises par des acteurs du tissu industriel de la r\u00e9gion. Un temps d\u00e9di\u00e9 propice aux \u00e9changes et au partage d\u2019exp\u00e9rience \u00e0 [&hellip;]","og_url":"https:\/\/larucheindustrielle.fr\/fr\/activites\/les-visites-croisees\/","og_site_name":"La Ruche industrielle","article_modified_time":"2024-03-01T09:59:42+00:00","og_image":[{"url":"https:\/\/larucheindustrielle.fr\/wp-content\/uploads\/2023\/07\/Visite-Volvo-Groupe-projet-optimisation-energetique-e1689164292789-1024x629.jpg","type":"","width":"","height":""}],"twitter_card":"summary_large_image","twitter_site":"@LaRucheIndus","twitter_misc":{"Dur\u00e9e de lecture estim\u00e9e":"2 minutes"},"schema":{"@context":"https:\/\/schema.org","@graph":[{"@type":"WebPage","@id":"https:\/\/larucheindustrielle.fr\/fr\/activites\/les-visites-croisees\/","url":"https:\/\/larucheindustrielle.fr\/fr\/activites\/les-visites-croisees\/","name":"Les visites crois\u00e9es - La Ruche industrielle","isPartOf":{"@id":"https:\/\/larucheindustrielle.fr\/fr\/#website"},"primaryImageOfPage":{"@id":"https:\/\/larucheindustrielle.fr\/fr\/activites\/les-visites-croisees\/#primaryimage"},"image":{"@id":"https:\/\/larucheindustrielle.fr\/fr\/activites\/les-visites-croisees\/#primaryimage"},"thumbnailUrl":"https:\/\/larucheindustrielle.fr\/wp-content\/uploads\/2023\/07\/Visite-Volvo-Groupe-projet-optimisation-energetique-e1689164292789-1024x629.jpg","datePublished":"2024-03-01T09:23:58+00:00","dateModified":"2024-03-01T09:59:42+00:00","breadcrumb":{"@id":"https:\/\/larucheindustrielle.fr\/fr\/activites\/les-visites-croisees\/#breadcrumb"},"inLanguage":"fr-FR","potentialAction":[{"@type":"ReadAction","target":["https:\/\/larucheindustrielle.fr\/fr\/activites\/les-visites-croisees\/"]}]},{"@type":"ImageObject","inLanguage":"fr-FR","@id":"https:\/\/larucheindustrielle.fr\/fr\/activites\/les-visites-croisees\/#primaryimage","url":"https:\/\/larucheindustrielle.fr\/wp-content\/uploads\/2023\/07\/Visite-Volvo-Groupe-projet-optimisation-energetique-e1689164292789-1024x629.jpg","contentUrl":"https:\/\/larucheindustrielle.fr\/wp-content\/uploads\/2023\/07\/Visite-Volvo-Groupe-projet-optimisation-energetique-e1689164292789-1024x629.jpg"},{"@type":"BreadcrumbList","@id":"https:\/\/larucheindustrielle.fr\/fr\/activites\/les-visites-croisees\/#breadcrumb","itemListElement":[{"@type":"ListItem","position":1,"name":"Activit\u00e9s","item":"https:\/\/larucheindustrielle.fr\/fr\/activites\/"},{"@type":"ListItem","position":2,"name":"Les visites crois\u00e9es"}]},{"@type":"WebSite","@id":"https:\/\/larucheindustrielle.fr\/fr\/#website","url":"https:\/\/larucheindustrielle.fr\/fr\/","name":"La Ruche industrielle","description":"Ici, on construit ensemble l&#039;industrie du futur !","publisher":{"@id":"https:\/\/larucheindustrielle.fr\/fr\/#organization"},"potentialAction":[{"@type":"SearchAction","target":{"@type":"EntryPoint","urlTemplate":"https:\/\/larucheindustrielle.fr\/fr\/?s={search_term_string}"},"query-input":{"@type":"PropertyValueSpecification","valueRequired":true,"valueName":"search_term_string"}}],"inLanguage":"fr-FR"},{"@type":"Organization","@id":"https:\/\/larucheindustrielle.fr\/fr\/#organization","name":"La Ruche industrielle","url":"https:\/\/larucheindustrielle.fr\/fr\/","logo":{"@type":"ImageObject","inLanguage":"fr-FR","@id":"https:\/\/larucheindustrielle.fr\/fr\/#\/schema\/logo\/image\/","url":"https:\/\/larucheindustrielle.fr\/wp-content\/uploads\/2023\/06\/Home-page-Logo-la-ruche-en-bois.jpg","contentUrl":"https:\/\/larucheindustrielle.fr\/wp-content\/uploads\/2023\/06\/Home-page-Logo-la-ruche-en-bois.jpg","width":1280,"height":853,"caption":"La Ruche industrielle"},"image":{"@id":"https:\/\/larucheindustrielle.fr\/fr\/#\/schema\/logo\/image\/"},"sameAs":["https:\/\/x.com\/LaRucheIndus","https:\/\/fr.linkedin.com\/company\/la-ruche-industrielle","https:\/\/www.youtube.com\/@larucheindustrielle932","https:\/\/www.instagram.com\/larucheindustrielle\/"]}]}},"publishpress_future_workflow_manual_trigger":{"enabledWorkflows":[]},"_links":{"self":[{"href":"https:\/\/larucheindustrielle.fr\/fr\/wp-json\/wp\/v2\/pages\/863","targetHints":{"allow":["GET"]}}],"collection":[{"href":"https:\/\/larucheindustrielle.fr\/fr\/wp-json\/wp\/v2\/pages"}],"about":[{"href":"https:\/\/larucheindustrielle.fr\/fr\/wp-json\/wp\/v2\/types\/page"}],"author":[{"embeddable":true,"href":"https:\/\/larucheindustrielle.fr\/fr\/wp-json\/wp\/v2\/users\/1"}],"replies":[{"embeddable":true,"href":"https:\/\/larucheindustrielle.fr\/fr\/wp-json\/wp\/v2\/comments?post=863"}],"version-history":[{"count":0,"href":"https:\/\/larucheindustrielle.fr\/fr\/wp-json\/wp\/v2\/pages\/863\/revisions"}],"up":[{"embeddable":true,"href":"https:\/\/larucheindustrielle.fr\/fr\/wp-json\/wp\/v2\/pages\/34"}],"wp:attachment":[{"href":"https:\/\/larucheindustrielle.fr\/fr\/wp-json\/wp\/v2\/media?parent=863"}],"curies":[{"name":"wp","href":"https:\/\/api.w.org\/{rel}","templated":true}]}}