{"id":875,"date":"2024-02-29T09:30:27","date_gmt":"2024-02-29T08:30:27","guid":{"rendered":"https:\/\/larucheindustrielle.fr\/?page_id=875"},"modified":"2024-03-01T10:36:53","modified_gmt":"2024-03-01T09:36:53","slug":"les-journees-portes-ouvertes","status":"publish","type":"page","link":"https:\/\/larucheindustrielle.fr\/fr\/activites\/les-journees-portes-ouvertes\/","title":{"rendered":"Les Journ\u00e9es Portes Ouvertes"},"content":{"rendered":"<p>[et_pb_section fb_built=\u00a0\u00bb1&Prime; module_class=\u00a0\u00bbbandeauTop\u00a0\u00bb _builder_version=\u00a0\u00bb4.21.0&Prime; _module_preset=\u00a0\u00bbdefault\u00a0\u00bb da_disable_devices=\u00a0\u00bboff|off|off\u00a0\u00bb global_colors_info=\u00a0\u00bb{}\u00a0\u00bb da_is_popup=\u00a0\u00bboff\u00a0\u00bb da_exit_intent=\u00a0\u00bboff\u00a0\u00bb da_has_close=\u00a0\u00bbon\u00a0\u00bb da_alt_close=\u00a0\u00bboff\u00a0\u00bb da_dark_close=\u00a0\u00bboff\u00a0\u00bb da_not_modal=\u00a0\u00bbon\u00a0\u00bb da_is_singular=\u00a0\u00bboff\u00a0\u00bb da_with_loader=\u00a0\u00bboff\u00a0\u00bb da_has_shadow=\u00a0\u00bbon\u00a0\u00bb][et_pb_row column_structure=\u00a0\u00bb1_2,1_2&Prime; _builder_version=\u00a0\u00bb4.20.2&Prime; _module_preset=\u00a0\u00bbdefault\u00a0\u00bb global_colors_info=\u00a0\u00bb{}\u00a0\u00bb][et_pb_column type=\u00a0\u00bb1_2&Prime; _builder_version=\u00a0\u00bb4.20.2&Prime; _module_preset=\u00a0\u00bbdefault\u00a0\u00bb global_colors_info=\u00a0\u00bb{}\u00a0\u00bb][et_pb_text admin_label=\u00a0\u00bbTitre de la page\u00a0\u00bb _builder_version=\u00a0\u00bb4.21.0&Prime; _module_preset=\u00a0\u00bbdefault\u00a0\u00bb global_colors_info=\u00a0\u00bb{}\u00a0\u00bb]<\/p>\n<h1>Les Journ\u00e9es Portes Ouvertes<\/h1>\n<p>[\/et_pb_text][et_pb_code admin_label=\u00a0\u00bbFil d&rsquo;ariane\u00a0\u00bb _builder_version=\u00a0\u00bb4.21.0&Prime; _module_preset=\u00a0\u00bbdefault\u00a0\u00bb global_colors_info=\u00a0\u00bb{}\u00a0\u00bb][\/et_pb_code][\/et_pb_column][et_pb_column type=\u00a0\u00bb1_2&Prime; _builder_version=\u00a0\u00bb4.20.2&Prime; _module_preset=\u00a0\u00bbdefault\u00a0\u00bb global_colors_info=\u00a0\u00bb{}\u00a0\u00bb][et_pb_text admin_label=\u00a0\u00bbhexa vert\u00a0\u00bb module_class=\u00a0\u00bbfloatingAnimation2 mask-2 hexaVert mask\u00a0\u00bb _builder_version=\u00a0\u00bb4.21.0&Prime; _module_preset=\u00a0\u00bbdefault\u00a0\u00bb background_color=\u00a0\u00bbrgba(94,207,138,0.5)\u00a0\u00bb global_colors_info=\u00a0\u00bb{}\u00a0\u00bb][\/et_pb_text][et_pb_text admin_label=\u00a0\u00bbhexa jaune\u00a0\u00bb module_class=\u00a0\u00bbfloatingAnimation mask-1 hexaJaune mask\u00a0\u00bb _builder_version=\u00a0\u00bb4.21.0&Prime; _module_preset=\u00a0\u00bbdefault\u00a0\u00bb background_color=\u00a0\u00bbrgba(255,223,6,0.5)\u00a0\u00bb global_colors_info=\u00a0\u00bb{}\u00a0\u00bb][\/et_pb_text][\/et_pb_column][\/et_pb_row][\/et_pb_section][et_pb_section fb_built=\u00a0\u00bb1&Prime; admin_label=\u00a0\u00bbLes partenaires\u00a0\u00bb _builder_version=\u00a0\u00bb4.21.0&Prime; _module_preset=\u00a0\u00bbdefault\u00a0\u00bb da_disable_devices=\u00a0\u00bboff|off|off\u00a0\u00bb locked=\u00a0\u00bboff\u00a0\u00bb collapsed=\u00a0\u00bboff\u00a0\u00bb global_colors_info=\u00a0\u00bb{}\u00a0\u00bb da_is_popup=\u00a0\u00bboff\u00a0\u00bb da_exit_intent=\u00a0\u00bboff\u00a0\u00bb da_has_close=\u00a0\u00bbon\u00a0\u00bb da_alt_close=\u00a0\u00bboff\u00a0\u00bb da_dark_close=\u00a0\u00bboff\u00a0\u00bb da_not_modal=\u00a0\u00bbon\u00a0\u00bb da_is_singular=\u00a0\u00bboff\u00a0\u00bb da_with_loader=\u00a0\u00bboff\u00a0\u00bb da_has_shadow=\u00a0\u00bbon\u00a0\u00bb][et_pb_row column_structure=\u00a0\u00bb1_2,1_2&Prime; module_class=\u00a0\u00bbrowImgDroite dFlex\u00a0\u00bb _builder_version=\u00a0\u00bb4.21.0&Prime; _module_preset=\u00a0\u00bbdefault\u00a0\u00bb locked=\u00a0\u00bboff\u00a0\u00bb global_colors_info=\u00a0\u00bb{}\u00a0\u00bb][et_pb_column type=\u00a0\u00bb1_2&Prime; _builder_version=\u00a0\u00bb4.20.2&Prime; _module_preset=\u00a0\u00bbdefault\u00a0\u00bb global_colors_info=\u00a0\u00bb{}\u00a0\u00bb][et_pb_text _builder_version=\u00a0\u00bb4.23.1&Prime; _module_preset=\u00a0\u00bbdefault\u00a0\u00bb hover_enabled=\u00a0\u00bb0&Prime; global_colors_info=\u00a0\u00bb{}\u00a0\u00bb sticky_enabled=\u00a0\u00bb0&Prime;]<\/p>\n<p>La Ruche Industrielle, organise r\u00e9guli\u00e8rement des <strong>temps de d\u00e9couvertes<\/strong> en mode \u00ab\u00a0portes ouvertes\u00a0\u00bb.<\/p>\n<ul>\n<li>Au programme : parcours de visite, d\u00e9couverte du lieu totem, \u00e9changes&#8230;<\/li>\n<li>Un moment unique pour <strong>s\u2019enrichir et d\u00e9couvrir l\u2019environnement de l\u2019industrie<\/strong> avec des projets, des retours d\u2019exp\u00e9riences d\u2019industriels, et le partage d\u2019un mod\u00e8le manag\u00e9rial innovant, collaboratif et efficace.<\/li>\n<\/ul>\n<p>Ces \u00e9v\u00e8nements sont gratuits, ouverts \u00e0 tous ou sur inscription !<\/p>\n<p>&nbsp;<\/p>\n<h3>Quelques \u00e9v\u00e8nements marquants :<\/h3>\n<p>&nbsp;<\/p>\n<h4>Mesdames ne restez pas sur la touche ! le 08 mars 2024 : <a href=\"https:\/\/larucheindustrielle.fr\/fr\/evenement\/mesdames-ne-restez-pas-sur-la-touche\/\" target=\"_blank\" rel=\"noopener\">en savoir plus<\/a><\/h4>\n<p><img loading=\"lazy\" decoding=\"async\" class=\"wp-image-4589 aligncenter\" src=\"https:\/\/larucheindustrielle.fr\/wp-content\/uploads\/2024\/02\/2024-Visuel-8-mars-1-1024x576.jpg\" alt=\"\" width=\"700\" height=\"394\" \/><\/p>\n<h4><strong>Forum des M\u00e9tiers de l&rsquo;Industrie<\/strong> le 28 novembre 2023 : <a href=\"https:\/\/larucheindustrielle.fr\/fr\/forum-metiers-industrie-2023\/\" target=\"_blank\" rel=\"noopener\">en savoir plus<\/a><\/h4>\n<p><img loading=\"lazy\" decoding=\"async\" class=\"aligncenter wp-image-4338 size-large\" src=\"https:\/\/larucheindustrielle.fr\/wp-content\/uploads\/2023\/12\/2023-11-SEDI-VIP-1024x771.jpg\" alt=\"\" width=\"1024\" height=\"771\" srcset=\"https:\/\/larucheindustrielle.fr\/wp-content\/uploads\/2023\/12\/2023-11-SEDI-VIP-980x738.jpg 980w, https:\/\/larucheindustrielle.fr\/wp-content\/uploads\/2023\/12\/2023-11-SEDI-VIP-480x362.jpg 480w\" sizes=\"(min-width: 0px) and (max-width: 480px) 480px, (min-width: 481px) and (max-width: 980px) 980px, (min-width: 981px) 1024px, 100vw\" \/><\/p>\n<h4><strong>Portes ouvertes<\/strong> du 28 juin 2023 : <a href=\"https:\/\/larucheindustrielle.fr\/fr\/portes-ouvertes-2023\/\" target=\"_blank\" rel=\"noopener\">en savoir plus<\/a><\/h4>\n<p><img loading=\"lazy\" decoding=\"async\" class=\"alignnone wp-image-5049 size-large\" src=\"https:\/\/larucheindustrielle.fr\/wp-content\/uploads\/2024\/02\/PXL_20230628_125838077-1024x771.jpg\" alt=\"\" width=\"1024\" height=\"771\" srcset=\"https:\/\/larucheindustrielle.fr\/wp-content\/uploads\/2024\/02\/PXL_20230628_125838077-980x738.jpg 980w, https:\/\/larucheindustrielle.fr\/wp-content\/uploads\/2024\/02\/PXL_20230628_125838077-480x362.jpg 480w\" sizes=\"(min-width: 0px) and (max-width: 480px) 480px, (min-width: 481px) and (max-width: 980px) 980px, (min-width: 981px) 1024px, 100vw\" \/><\/p>\n<p>[\/et_pb_text][et_pb_button button_url=\u00a0\u00bbhttps:\/\/larucheindustrielle.fr\/fr\/evenements\/\u00a0\u00bb button_text=\u00a0\u00bbConsulter notre agenda\u00a0\u00bb button_alignment=\u00a0\u00bbcenter\u00a0\u00bb admin_label=\u00a0\u00bbBouton %22Prochaine Journ\u00e9e Porte Ouverte%22&Prime; module_class=\u00a0\u00bbbtnBlue\u00a0\u00bb _builder_version=\u00a0\u00bb4.23.1&Prime; _module_preset=\u00a0\u00bbdefault\u00a0\u00bb custom_button=\u00a0\u00bbon\u00a0\u00bb button_icon=\u00a0\u00bb&#xf075;||fa||900&Prime; button_icon_placement=\u00a0\u00bbleft\u00a0\u00bb button_on_hover=\u00a0\u00bboff\u00a0\u00bb locked=\u00a0\u00bboff\u00a0\u00bb global_colors_info=\u00a0\u00bb{}\u00a0\u00bb][\/et_pb_button][\/et_pb_column][et_pb_column type=\u00a0\u00bb1_2&Prime; module_class=\u00a0\u00bbhiddenFlow colUp\u00a0\u00bb _builder_version=\u00a0\u00bb4.21.0&Prime; _module_preset=\u00a0\u00bbdefault\u00a0\u00bb global_colors_info=\u00a0\u00bb{}\u00a0\u00bb][\/et_pb_column][\/et_pb_row][\/et_pb_section]<\/p>\n","protected":false},"excerpt":{"rendered":"<p>Les Journ\u00e9es Portes OuvertesLa Ruche Industrielle, organise r\u00e9guli\u00e8rement des temps de d\u00e9couvertes en mode \u00ab\u00a0portes ouvertes\u00a0\u00bb. Au programme : parcours de visite, d\u00e9couverte du lieu totem, \u00e9changes&#8230; Un moment unique pour s\u2019enrichir et d\u00e9couvrir l\u2019environnement de l\u2019industrie avec des projets, des retours d\u2019exp\u00e9riences d\u2019industriels, et le partage d\u2019un mod\u00e8le manag\u00e9rial innovant, collaboratif et efficace. Ces [&hellip;]<\/p>\n","protected":false},"author":1,"featured_media":0,"parent":34,"menu_order":0,"comment_status":"closed","ping_status":"closed","template":"","meta":{"_acf_changed":false,"_et_pb_use_builder":"on","_et_pb_old_content":"","_et_gb_content_width":"","footnotes":""},"class_list":["post-875","page","type-page","status-publish","hentry"],"acf":[],"yoast_head":"<!-- This site is optimized with the Yoast SEO plugin v27.1.1 - https:\/\/yoast.com\/product\/yoast-seo-wordpress\/ -->\n<title>Les Journ\u00e9es Portes Ouvertes - La Ruche industrielle<\/title>\n<meta name=\"description\" content=\"La Ruche Industrielle organise des temps de d\u00e9couvertes en mode &quot;portes ouvertes&quot;. Ces \u00e9v\u00e8nements sont gratuits, avec ou sans inscription.\" \/>\n<meta name=\"robots\" content=\"index, follow, max-snippet:-1, max-image-preview:large, max-video-preview:-1\" \/>\n<link rel=\"canonical\" href=\"https:\/\/larucheindustrielle.fr\/fr\/activites\/les-journees-portes-ouvertes\/\" \/>\n<meta property=\"og:locale\" content=\"fr_FR\" \/>\n<meta property=\"og:type\" content=\"article\" \/>\n<meta property=\"og:title\" content=\"Les Journ\u00e9es Portes Ouvertes - La Ruche industrielle\" \/>\n<meta property=\"og:description\" content=\"La Ruche Industrielle organise des temps de d\u00e9couvertes en mode &quot;portes ouvertes&quot;. Ces \u00e9v\u00e8nements sont gratuits, avec ou sans inscription.\" \/>\n<meta property=\"og:url\" content=\"https:\/\/larucheindustrielle.fr\/fr\/activites\/les-journees-portes-ouvertes\/\" \/>\n<meta property=\"og:site_name\" content=\"La Ruche industrielle\" \/>\n<meta property=\"article:modified_time\" content=\"2024-03-01T09:36:53+00:00\" \/>\n<meta property=\"og:image\" content=\"https:\/\/larucheindustrielle.fr\/wp-content\/uploads\/2024\/02\/2024-Visuel-8-mars-1-1024x576.jpg\" \/>\n<meta name=\"twitter:card\" content=\"summary_large_image\" \/>\n<meta name=\"twitter:site\" content=\"@LaRucheIndus\" \/>\n<meta name=\"twitter:label1\" content=\"Dur\u00e9e de lecture estim\u00e9e\" \/>\n\t<meta name=\"twitter:data1\" content=\"2 minutes\" \/>\n<script type=\"application\/ld+json\" class=\"yoast-schema-graph\">{\"@context\":\"https:\/\/schema.org\",\"@graph\":[{\"@type\":\"WebPage\",\"@id\":\"https:\/\/larucheindustrielle.fr\/fr\/activites\/les-journees-portes-ouvertes\/\",\"url\":\"https:\/\/larucheindustrielle.fr\/fr\/activites\/les-journees-portes-ouvertes\/\",\"name\":\"Les Journ\u00e9es Portes Ouvertes - La Ruche industrielle\",\"isPartOf\":{\"@id\":\"https:\/\/larucheindustrielle.fr\/fr\/#website\"},\"primaryImageOfPage\":{\"@id\":\"https:\/\/larucheindustrielle.fr\/fr\/activites\/les-journees-portes-ouvertes\/#primaryimage\"},\"image\":{\"@id\":\"https:\/\/larucheindustrielle.fr\/fr\/activites\/les-journees-portes-ouvertes\/#primaryimage\"},\"thumbnailUrl\":\"https:\/\/larucheindustrielle.fr\/wp-content\/uploads\/2024\/02\/2024-Visuel-8-mars-1-1024x576.jpg\",\"datePublished\":\"2024-02-29T08:30:27+00:00\",\"dateModified\":\"2024-03-01T09:36:53+00:00\",\"description\":\"La Ruche Industrielle organise des temps de d\u00e9couvertes en mode \\\"portes ouvertes\\\". Ces \u00e9v\u00e8nements sont gratuits, avec ou sans inscription.\",\"breadcrumb\":{\"@id\":\"https:\/\/larucheindustrielle.fr\/fr\/activites\/les-journees-portes-ouvertes\/#breadcrumb\"},\"inLanguage\":\"fr-FR\",\"potentialAction\":[{\"@type\":\"ReadAction\",\"target\":[\"https:\/\/larucheindustrielle.fr\/fr\/activites\/les-journees-portes-ouvertes\/\"]}]},{\"@type\":\"ImageObject\",\"inLanguage\":\"fr-FR\",\"@id\":\"https:\/\/larucheindustrielle.fr\/fr\/activites\/les-journees-portes-ouvertes\/#primaryimage\",\"url\":\"https:\/\/larucheindustrielle.fr\/wp-content\/uploads\/2024\/02\/2024-Visuel-8-mars-1-1024x576.jpg\",\"contentUrl\":\"https:\/\/larucheindustrielle.fr\/wp-content\/uploads\/2024\/02\/2024-Visuel-8-mars-1-1024x576.jpg\"},{\"@type\":\"BreadcrumbList\",\"@id\":\"https:\/\/larucheindustrielle.fr\/fr\/activites\/les-journees-portes-ouvertes\/#breadcrumb\",\"itemListElement\":[{\"@type\":\"ListItem\",\"position\":1,\"name\":\"Activit\u00e9s\",\"item\":\"https:\/\/larucheindustrielle.fr\/fr\/activites\/\"},{\"@type\":\"ListItem\",\"position\":2,\"name\":\"Les Journ\u00e9es Portes Ouvertes\"}]},{\"@type\":\"WebSite\",\"@id\":\"https:\/\/larucheindustrielle.fr\/fr\/#website\",\"url\":\"https:\/\/larucheindustrielle.fr\/fr\/\",\"name\":\"La Ruche industrielle\",\"description\":\"Ici, on construit ensemble l&#039;industrie du futur !\",\"publisher\":{\"@id\":\"https:\/\/larucheindustrielle.fr\/fr\/#organization\"},\"potentialAction\":[{\"@type\":\"SearchAction\",\"target\":{\"@type\":\"EntryPoint\",\"urlTemplate\":\"https:\/\/larucheindustrielle.fr\/fr\/?s={search_term_string}\"},\"query-input\":{\"@type\":\"PropertyValueSpecification\",\"valueRequired\":true,\"valueName\":\"search_term_string\"}}],\"inLanguage\":\"fr-FR\"},{\"@type\":\"Organization\",\"@id\":\"https:\/\/larucheindustrielle.fr\/fr\/#organization\",\"name\":\"La Ruche industrielle\",\"url\":\"https:\/\/larucheindustrielle.fr\/fr\/\",\"logo\":{\"@type\":\"ImageObject\",\"inLanguage\":\"fr-FR\",\"@id\":\"https:\/\/larucheindustrielle.fr\/fr\/#\/schema\/logo\/image\/\",\"url\":\"https:\/\/larucheindustrielle.fr\/wp-content\/uploads\/2023\/06\/Home-page-Logo-la-ruche-en-bois.jpg\",\"contentUrl\":\"https:\/\/larucheindustrielle.fr\/wp-content\/uploads\/2023\/06\/Home-page-Logo-la-ruche-en-bois.jpg\",\"width\":1280,\"height\":853,\"caption\":\"La Ruche industrielle\"},\"image\":{\"@id\":\"https:\/\/larucheindustrielle.fr\/fr\/#\/schema\/logo\/image\/\"},\"sameAs\":[\"https:\/\/x.com\/LaRucheIndus\",\"https:\/\/fr.linkedin.com\/company\/la-ruche-industrielle\",\"https:\/\/www.youtube.com\/@larucheindustrielle932\",\"https:\/\/www.instagram.com\/larucheindustrielle\/\"]}]}<\/script>\n<!-- \/ Yoast SEO plugin. -->","yoast_head_json":{"title":"Les Journ\u00e9es Portes Ouvertes - La Ruche industrielle","description":"La Ruche Industrielle organise des temps de d\u00e9couvertes en mode \"portes ouvertes\". Ces \u00e9v\u00e8nements sont gratuits, avec ou sans inscription.","robots":{"index":"index","follow":"follow","max-snippet":"max-snippet:-1","max-image-preview":"max-image-preview:large","max-video-preview":"max-video-preview:-1"},"canonical":"https:\/\/larucheindustrielle.fr\/fr\/activites\/les-journees-portes-ouvertes\/","og_locale":"fr_FR","og_type":"article","og_title":"Les Journ\u00e9es Portes Ouvertes - La Ruche industrielle","og_description":"La Ruche Industrielle organise des temps de d\u00e9couvertes en mode \"portes ouvertes\". Ces \u00e9v\u00e8nements sont gratuits, avec ou sans inscription.","og_url":"https:\/\/larucheindustrielle.fr\/fr\/activites\/les-journees-portes-ouvertes\/","og_site_name":"La Ruche industrielle","article_modified_time":"2024-03-01T09:36:53+00:00","og_image":[{"url":"https:\/\/larucheindustrielle.fr\/wp-content\/uploads\/2024\/02\/2024-Visuel-8-mars-1-1024x576.jpg","type":"","width":"","height":""}],"twitter_card":"summary_large_image","twitter_site":"@LaRucheIndus","twitter_misc":{"Dur\u00e9e de lecture estim\u00e9e":"2 minutes"},"schema":{"@context":"https:\/\/schema.org","@graph":[{"@type":"WebPage","@id":"https:\/\/larucheindustrielle.fr\/fr\/activites\/les-journees-portes-ouvertes\/","url":"https:\/\/larucheindustrielle.fr\/fr\/activites\/les-journees-portes-ouvertes\/","name":"Les Journ\u00e9es Portes Ouvertes - La Ruche industrielle","isPartOf":{"@id":"https:\/\/larucheindustrielle.fr\/fr\/#website"},"primaryImageOfPage":{"@id":"https:\/\/larucheindustrielle.fr\/fr\/activites\/les-journees-portes-ouvertes\/#primaryimage"},"image":{"@id":"https:\/\/larucheindustrielle.fr\/fr\/activites\/les-journees-portes-ouvertes\/#primaryimage"},"thumbnailUrl":"https:\/\/larucheindustrielle.fr\/wp-content\/uploads\/2024\/02\/2024-Visuel-8-mars-1-1024x576.jpg","datePublished":"2024-02-29T08:30:27+00:00","dateModified":"2024-03-01T09:36:53+00:00","description":"La Ruche Industrielle organise des temps de d\u00e9couvertes en mode \"portes ouvertes\". Ces \u00e9v\u00e8nements sont gratuits, avec ou sans inscription.","breadcrumb":{"@id":"https:\/\/larucheindustrielle.fr\/fr\/activites\/les-journees-portes-ouvertes\/#breadcrumb"},"inLanguage":"fr-FR","potentialAction":[{"@type":"ReadAction","target":["https:\/\/larucheindustrielle.fr\/fr\/activites\/les-journees-portes-ouvertes\/"]}]},{"@type":"ImageObject","inLanguage":"fr-FR","@id":"https:\/\/larucheindustrielle.fr\/fr\/activites\/les-journees-portes-ouvertes\/#primaryimage","url":"https:\/\/larucheindustrielle.fr\/wp-content\/uploads\/2024\/02\/2024-Visuel-8-mars-1-1024x576.jpg","contentUrl":"https:\/\/larucheindustrielle.fr\/wp-content\/uploads\/2024\/02\/2024-Visuel-8-mars-1-1024x576.jpg"},{"@type":"BreadcrumbList","@id":"https:\/\/larucheindustrielle.fr\/fr\/activites\/les-journees-portes-ouvertes\/#breadcrumb","itemListElement":[{"@type":"ListItem","position":1,"name":"Activit\u00e9s","item":"https:\/\/larucheindustrielle.fr\/fr\/activites\/"},{"@type":"ListItem","position":2,"name":"Les Journ\u00e9es Portes Ouvertes"}]},{"@type":"WebSite","@id":"https:\/\/larucheindustrielle.fr\/fr\/#website","url":"https:\/\/larucheindustrielle.fr\/fr\/","name":"La Ruche industrielle","description":"Ici, on construit ensemble l&#039;industrie du futur !","publisher":{"@id":"https:\/\/larucheindustrielle.fr\/fr\/#organization"},"potentialAction":[{"@type":"SearchAction","target":{"@type":"EntryPoint","urlTemplate":"https:\/\/larucheindustrielle.fr\/fr\/?s={search_term_string}"},"query-input":{"@type":"PropertyValueSpecification","valueRequired":true,"valueName":"search_term_string"}}],"inLanguage":"fr-FR"},{"@type":"Organization","@id":"https:\/\/larucheindustrielle.fr\/fr\/#organization","name":"La Ruche industrielle","url":"https:\/\/larucheindustrielle.fr\/fr\/","logo":{"@type":"ImageObject","inLanguage":"fr-FR","@id":"https:\/\/larucheindustrielle.fr\/fr\/#\/schema\/logo\/image\/","url":"https:\/\/larucheindustrielle.fr\/wp-content\/uploads\/2023\/06\/Home-page-Logo-la-ruche-en-bois.jpg","contentUrl":"https:\/\/larucheindustrielle.fr\/wp-content\/uploads\/2023\/06\/Home-page-Logo-la-ruche-en-bois.jpg","width":1280,"height":853,"caption":"La Ruche industrielle"},"image":{"@id":"https:\/\/larucheindustrielle.fr\/fr\/#\/schema\/logo\/image\/"},"sameAs":["https:\/\/x.com\/LaRucheIndus","https:\/\/fr.linkedin.com\/company\/la-ruche-industrielle","https:\/\/www.youtube.com\/@larucheindustrielle932","https:\/\/www.instagram.com\/larucheindustrielle\/"]}]}},"publishpress_future_workflow_manual_trigger":{"enabledWorkflows":[]},"_links":{"self":[{"href":"https:\/\/larucheindustrielle.fr\/fr\/wp-json\/wp\/v2\/pages\/875","targetHints":{"allow":["GET"]}}],"collection":[{"href":"https:\/\/larucheindustrielle.fr\/fr\/wp-json\/wp\/v2\/pages"}],"about":[{"href":"https:\/\/larucheindustrielle.fr\/fr\/wp-json\/wp\/v2\/types\/page"}],"author":[{"embeddable":true,"href":"https:\/\/larucheindustrielle.fr\/fr\/wp-json\/wp\/v2\/users\/1"}],"replies":[{"embeddable":true,"href":"https:\/\/larucheindustrielle.fr\/fr\/wp-json\/wp\/v2\/comments?post=875"}],"version-history":[{"count":0,"href":"https:\/\/larucheindustrielle.fr\/fr\/wp-json\/wp\/v2\/pages\/875\/revisions"}],"up":[{"embeddable":true,"href":"https:\/\/larucheindustrielle.fr\/fr\/wp-json\/wp\/v2\/pages\/34"}],"wp:attachment":[{"href":"https:\/\/larucheindustrielle.fr\/fr\/wp-json\/wp\/v2\/media?parent=875"}],"curies":[{"name":"wp","href":"https:\/\/api.w.org\/{rel}","templated":true}]}}