{"id":920,"date":"2023-06-15T11:18:59","date_gmt":"2023-06-15T09:18:59","guid":{"rendered":"https:\/\/larucheindustrielle.fr\/?page_id=920"},"modified":"2024-03-01T11:10:13","modified_gmt":"2024-03-01T10:10:13","slug":"glossaire","status":"publish","type":"page","link":"https:\/\/larucheindustrielle.fr\/fr\/glossaire\/","title":{"rendered":"Glossaire"},"content":{"rendered":"<p>[et_pb_section fb_built=\u00a0\u00bb1&Prime; admin_label=\u00a0\u00bbSection Titre\u00a0\u00bb module_class=\u00a0\u00bbbandeauTop bandeauNoPhoto\u00a0\u00bb _builder_version=\u00a0\u00bb4.21.0&Prime; _module_preset=\u00a0\u00bbdefault\u00a0\u00bb da_disable_devices=\u00a0\u00bboff|off|off\u00a0\u00bb locked=\u00a0\u00bboff\u00a0\u00bb collapsed=\u00a0\u00bboff\u00a0\u00bb global_colors_info=\u00a0\u00bb{}\u00a0\u00bb da_is_popup=\u00a0\u00bboff\u00a0\u00bb da_exit_intent=\u00a0\u00bboff\u00a0\u00bb da_has_close=\u00a0\u00bbon\u00a0\u00bb da_alt_close=\u00a0\u00bboff\u00a0\u00bb da_dark_close=\u00a0\u00bboff\u00a0\u00bb da_not_modal=\u00a0\u00bbon\u00a0\u00bb da_is_singular=\u00a0\u00bboff\u00a0\u00bb da_with_loader=\u00a0\u00bboff\u00a0\u00bb da_has_shadow=\u00a0\u00bbon\u00a0\u00bb][et_pb_row column_structure=\u00a0\u00bb1_2,1_2&Prime; _builder_version=\u00a0\u00bb4.20.2&Prime; _module_preset=\u00a0\u00bbdefault\u00a0\u00bb collapsed=\u00a0\u00bboff\u00a0\u00bb global_colors_info=\u00a0\u00bb{}\u00a0\u00bb][et_pb_column type=\u00a0\u00bb1_2&Prime; _builder_version=\u00a0\u00bb4.20.2&Prime; _module_preset=\u00a0\u00bbdefault\u00a0\u00bb global_colors_info=\u00a0\u00bb{}\u00a0\u00bb][et_pb_text admin_label=\u00a0\u00bbTitre de la page\u00a0\u00bb _builder_version=\u00a0\u00bb4.21.0&Prime; _module_preset=\u00a0\u00bbdefault\u00a0\u00bb global_colors_info=\u00a0\u00bb{}\u00a0\u00bb]<\/p>\n<h1>Glossaire<\/h1>\n<p>[\/et_pb_text][et_pb_text admin_label=\u00a0\u00bbSous-titre\u00a0\u00bb _builder_version=\u00a0\u00bb4.21.0&Prime; _module_preset=\u00a0\u00bbdefault\u00a0\u00bb global_colors_info=\u00a0\u00bb{}\u00a0\u00bb]<\/p>\n<p>D\u00e9couvrez le \u00ab\u00a0Petit Larousse\u00a0\u00bb de l&rsquo;industrie made in La Ruche<\/p>\n<p>[\/et_pb_text][\/et_pb_column][et_pb_column type=\u00a0\u00bb1_2&Prime; _builder_version=\u00a0\u00bb4.20.2&Prime; _module_preset=\u00a0\u00bbdefault\u00a0\u00bb global_colors_info=\u00a0\u00bb{}\u00a0\u00bb][et_pb_text admin_label=\u00a0\u00bbhexa bleu\u00a0\u00bb module_class=\u00a0\u00bbfloatingAnimation2 mask-3 hexaBleu mask\u00a0\u00bb _builder_version=\u00a0\u00bb4.21.0&Prime; _module_preset=\u00a0\u00bbdefault\u00a0\u00bb background_color=\u00a0\u00bbrgba(255,255,255,0.5)\u00a0\u00bb global_colors_info=\u00a0\u00bb{}\u00a0\u00bb][\/et_pb_text][\/et_pb_column][\/et_pb_row][\/et_pb_section][et_pb_section fb_built=\u00a0\u00bb1&Prime; _builder_version=\u00a0\u00bb4.16&Prime; da_disable_devices=\u00a0\u00bboff|off|off\u00a0\u00bb collapsed=\u00a0\u00bbon\u00a0\u00bb global_colors_info=\u00a0\u00bb{}\u00a0\u00bb da_is_popup=\u00a0\u00bboff\u00a0\u00bb da_exit_intent=\u00a0\u00bboff\u00a0\u00bb da_has_close=\u00a0\u00bbon\u00a0\u00bb da_alt_close=\u00a0\u00bboff\u00a0\u00bb da_dark_close=\u00a0\u00bboff\u00a0\u00bb da_not_modal=\u00a0\u00bbon\u00a0\u00bb da_is_singular=\u00a0\u00bboff\u00a0\u00bb da_with_loader=\u00a0\u00bboff\u00a0\u00bb da_has_shadow=\u00a0\u00bbon\u00a0\u00bb][et_pb_row column_structure=\u00a0\u00bb2_5,3_5&Prime; _builder_version=\u00a0\u00bb4.16&Prime; background_size=\u00a0\u00bbinitial\u00a0\u00bb background_position=\u00a0\u00bbtop_left\u00a0\u00bb background_repeat=\u00a0\u00bbrepeat\u00a0\u00bb global_colors_info=\u00a0\u00bb{}\u00a0\u00bb][et_pb_column type=\u00a0\u00bb2_5&Prime; _builder_version=\u00a0\u00bb4.16&Prime; custom_padding=\u00a0\u00bb|||\u00a0\u00bb global_colors_info=\u00a0\u00bb{}\u00a0\u00bb custom_padding__hover=\u00a0\u00bb|||\u00a0\u00bb][et_pb_text admin_label=\u00a0\u00bbNotre glossaire s&rsquo;apparente \u00e0 un \u00ab Dictionnaire amoureux \u00bb.\u00a0\u00bb _builder_version=\u00a0\u00bb4.21.0&Prime; _module_preset=\u00a0\u00bbdefault\u00a0\u00bb global_colors_info=\u00a0\u00bb{}\u00a0\u00bb]<\/p>\n<h2>Notre glossaire s&rsquo;apparente \u00e0 un<br \/><strong>\u00ab Dictionnaire amoureux \u00bb<\/strong>.<\/h2>\n<p>Bien que prenant la forme d&rsquo;un ensemble de d\u00e9finitions class\u00e9es par ordre alphab\u00e9tique et sans structure lin\u00e9aire, il n&rsquo;a pas vocation \u00e0 \u00eatre de nature encyclop\u00e9dique, mais plut\u00f4t \u00e0 caract\u00e8re subjectif.<br \/><strong>Aussi, si vous voulez contribuer \u00e0 son enrichissement collaboratif, n&rsquo;h\u00e9sitez pas \u00e0 transmettre vos d\u00e9finitions et commentaires !<br \/><\/strong><br \/><a class=\"et_pb_button et_pb_button_1 btnBlue hoverJaune et_pb_bg_layout_light\" href=\"https:\/\/larucheindustrielle.fr\/?page_id=448\">Nous contacter<\/a><\/p>\n<p>[\/et_pb_text][\/et_pb_column][et_pb_column type=\u00a0\u00bb3_5&Prime; _builder_version=\u00a0\u00bb4.16&Prime; custom_padding=\u00a0\u00bb|||\u00a0\u00bb global_colors_info=\u00a0\u00bb{}\u00a0\u00bb custom_padding__hover=\u00a0\u00bb|||\u00a0\u00bb][et_pb_text _builder_version=\u00a0\u00bb4.21.0&Prime; background_size=\u00a0\u00bbinitial\u00a0\u00bb background_position=\u00a0\u00bbtop_left\u00a0\u00bb background_repeat=\u00a0\u00bbrepeat\u00a0\u00bb global_colors_info=\u00a0\u00bb{}\u00a0\u00bb]<\/p>\n<a name='name_directory_position1'><\/a><div class=\"name_directory_index\"><a class=\"name_directory_startswith\" href=\"https:\/\/larucheindustrielle.fr\/fr\/glossaire\/?dir=1&name_directory_startswith=\">Tous<\/a> | <a class=\"name_directory_startswith  name_directory_empty\" href=\"https:\/\/larucheindustrielle.fr\/fr\/glossaire\/?dir=1&name_directory_startswith=%23\">#<\/a>  <a class=\"name_directory_startswith  name_directory_empty\" href=\"https:\/\/larucheindustrielle.fr\/fr\/glossaire\/?dir=1&name_directory_startswith=A\">A<\/a>  <a class=\"name_directory_startswith  name_directory_empty\" href=\"https:\/\/larucheindustrielle.fr\/fr\/glossaire\/?dir=1&name_directory_startswith=B\">B<\/a>  <a class=\"name_directory_startswith  name_directory_empty\" href=\"https:\/\/larucheindustrielle.fr\/fr\/glossaire\/?dir=1&name_directory_startswith=C\">C<\/a>  <a class=\"name_directory_startswith  name_directory_empty\" href=\"https:\/\/larucheindustrielle.fr\/fr\/glossaire\/?dir=1&name_directory_startswith=D\">D<\/a>  <a class=\"name_directory_startswith \" href=\"https:\/\/larucheindustrielle.fr\/fr\/glossaire\/?dir=1&name_directory_startswith=E\">E<\/a>  <a class=\"name_directory_startswith \" href=\"https:\/\/larucheindustrielle.fr\/fr\/glossaire\/?dir=1&name_directory_startswith=F\">F<\/a>  <a class=\"name_directory_startswith  name_directory_empty\" href=\"https:\/\/larucheindustrielle.fr\/fr\/glossaire\/?dir=1&name_directory_startswith=G\">G<\/a>  <a class=\"name_directory_startswith  name_directory_empty\" href=\"https:\/\/larucheindustrielle.fr\/fr\/glossaire\/?dir=1&name_directory_startswith=H\">H<\/a>  <a class=\"name_directory_startswith \" href=\"https:\/\/larucheindustrielle.fr\/fr\/glossaire\/?dir=1&name_directory_startswith=I\">I<\/a>  <a class=\"name_directory_startswith  name_directory_empty\" href=\"https:\/\/larucheindustrielle.fr\/fr\/glossaire\/?dir=1&name_directory_startswith=J\">J<\/a>  <a class=\"name_directory_startswith  name_directory_empty\" href=\"https:\/\/larucheindustrielle.fr\/fr\/glossaire\/?dir=1&name_directory_startswith=K\">K<\/a>  <a class=\"name_directory_startswith  name_directory_empty\" href=\"https:\/\/larucheindustrielle.fr\/fr\/glossaire\/?dir=1&name_directory_startswith=L\">L<\/a>  <a class=\"name_directory_startswith  name_directory_empty\" href=\"https:\/\/larucheindustrielle.fr\/fr\/glossaire\/?dir=1&name_directory_startswith=M\">M<\/a>  <a class=\"name_directory_startswith  name_directory_empty\" href=\"https:\/\/larucheindustrielle.fr\/fr\/glossaire\/?dir=1&name_directory_startswith=N\">N<\/a>  <a class=\"name_directory_startswith  name_directory_empty\" href=\"https:\/\/larucheindustrielle.fr\/fr\/glossaire\/?dir=1&name_directory_startswith=O\">O<\/a>  <a class=\"name_directory_startswith  name_directory_empty\" href=\"https:\/\/larucheindustrielle.fr\/fr\/glossaire\/?dir=1&name_directory_startswith=P\">P<\/a>  <a class=\"name_directory_startswith  name_directory_empty\" href=\"https:\/\/larucheindustrielle.fr\/fr\/glossaire\/?dir=1&name_directory_startswith=Q\">Q<\/a>  <a class=\"name_directory_startswith  name_directory_empty\" href=\"https:\/\/larucheindustrielle.fr\/fr\/glossaire\/?dir=1&name_directory_startswith=R\">R<\/a>  <a class=\"name_directory_startswith  name_directory_empty\" href=\"https:\/\/larucheindustrielle.fr\/fr\/glossaire\/?dir=1&name_directory_startswith=S\">S<\/a>  <a class=\"name_directory_startswith  name_directory_empty\" href=\"https:\/\/larucheindustrielle.fr\/fr\/glossaire\/?dir=1&name_directory_startswith=T\">T<\/a>  <a class=\"name_directory_startswith  name_directory_empty\" href=\"https:\/\/larucheindustrielle.fr\/fr\/glossaire\/?dir=1&name_directory_startswith=U\">U<\/a>  <a class=\"name_directory_startswith \" href=\"https:\/\/larucheindustrielle.fr\/fr\/glossaire\/?dir=1&name_directory_startswith=V\">V<\/a>  <a class=\"name_directory_startswith  name_directory_empty\" href=\"https:\/\/larucheindustrielle.fr\/fr\/glossaire\/?dir=1&name_directory_startswith=W\">W<\/a>  <a class=\"name_directory_startswith  name_directory_empty\" href=\"https:\/\/larucheindustrielle.fr\/fr\/glossaire\/?dir=1&name_directory_startswith=X\">X<\/a>  <a class=\"name_directory_startswith  name_directory_empty\" href=\"https:\/\/larucheindustrielle.fr\/fr\/glossaire\/?dir=1&name_directory_startswith=Y\">Y<\/a>  <a class=\"name_directory_startswith  name_directory_empty\" href=\"https:\/\/larucheindustrielle.fr\/fr\/glossaire\/?dir=1&name_directory_startswith=Z\">Z<\/a> <br \/><form role='search' method='get' action=''><input type='search' autocomplete='off' aria-description='Directory names below will match your searchcriteria after submit' name='name-directory-search-value' id='name-directory-search-input-box' placeholder='Rechercher\u2026' \/><input type='hidden' name='dir' value='1' \/><input type='submit' id='name-directory-search-input-button' value='Rechercher' \/><\/form><\/div><div class=\"name_directory_total\">Il y a actuellement 4 d\u00e9finitions dans ce r\u00e9pertoire.<\/div><div class=\"name_directory_names\"><div class=\"name_directory_column name_directory_nr1\"><div class=\"name_directory_name_box\"><a name=\"namedirectory_Economiecirculaire\"><\/a><strong role=\"term\">Economie circulaire<\/strong><br><div role=\"definition\">Cela consiste \u00e0 produire des biens et des services de mani\u00e8re durable en limitant la consommation et le gaspillage des ressources et la production des d\u00e9chets. Il s'agit de passer d'une soci\u00e9t\u00e9 du tout jetable \u00e0 un mod\u00e8le dans lequel les d\u00e9chets des uns deviennent les mati\u00e8res premi\u00e8res des autres (EIT).\r\n<\/div><\/div><hr \/><div class=\"name_directory_name_box\"><a name=\"namedirectory_Fluxdevaleur\"><\/a><strong role=\"term\">Flux de valeur<\/strong><br><div role=\"definition\">Au sein d'une entreprise, il s'agit de l'ensemble des actions apportant de la valeur au client.. Autrement dit, il s'agit des actions aboutissant \u00e0 des r\u00e9sultats pour lesquels le client est pr\u00eat \u00e0 payer. Le flux de valeur s'\u00e9tend de la demande client jusqu'\u00e0 l'assistance apr\u00e8s-vente.<\/div><\/div><hr \/><div class=\"name_directory_name_box\"><a name=\"namedirectory_Industrie40\"><\/a><strong role=\"term\">Industrie 4.0<\/strong><br><div role=\"definition\">Pour mieux cerner l'Industrie 4.0, il est utile d'\u00e9voquer les 3 premi\u00e8res :<br>\r\n1.0 machine \u00e0 vapeur, 1ere r\u00e9volution industrielle<br>\r\n2.0 \u00e9lectricit\u00e9, Travail \u00e0 la cha\u00eene, Taylorisme<br>\r\n3.0 Av\u00e8nement de l'informatique. Syst\u00e8mes automatis\u00e9s, mais c'est encore l'humain qui d\u00e9cide. <br>\r\nL'industrie 4.0 est donc l'interconnexion des syst\u00e8mes entre eux pour faire parler les donn\u00e9es qu'ils g\u00e9n\u00e8rent (temp\u00e9rature, vibration, cadence r\u00e9elle, ...) et celles que l'on r\u00e9colte \u00e0 propos leur environnement (m\u00e9t\u00e9o, heure de la journ\u00e9e, ...). Les machines prennent certaines d\u00e9cisions elles-m\u00eames et \u00e9clairent celles de l'humain gr\u00e2ce \u00e0 la r\u00e9cup\u00e9ration, traitement et repr\u00e9sentation des donn\u00e9es.<br>\r\nMariage r\u00e9ussi entre une ou plusieurs technologies matures ou non matures avec des cas d'usage cl\u00e9s de l'entreprise.<\/div><\/div><hr \/><div class=\"name_directory_name_box\"><a name=\"namedirectory_Vision\"><\/a><strong role=\"term\">Vision<\/strong><br><div role=\"definition\">La vision industrielle consiste en l'acquisition et le traitement d'images dans le but de prendre une d\u00e9cision selon des cas pr\u00e9d\u00e9finis. Par exemple, r\u00e9aliser un contr\u00f4le qualit\u00e9. Dans une usine de soda, contr\u00f4ler le niveau de liquide des bouteilles afin d'accepter celles qui ont \u00e9t\u00e9 remplies correctement et \u00e9jecter ou renvoyer au remplissage les autres bouteilles.<\/div><\/div><\/div><\/div><style>\r\n        .name_directory_readmore_state ~ .name_directory_readmore_trigger:before {\r\n            content: '... Afficher plus';\r\n        }\r\n       \r\n        .name_directory_readmore_state:checked ~ .name_directory_readmore_trigger:before {\r\n            content: 'Afficher moins';\r\n        }\r\n        <\/style>\n<p>[\/et_pb_text][\/et_pb_column][\/et_pb_row][\/et_pb_section]<\/p>\n","protected":false},"excerpt":{"rendered":"<p>GlossaireD\u00e9couvrez le \u00ab\u00a0Petit Larousse\u00a0\u00bb de l&rsquo;industrie made in La RucheNotre glossaire s&rsquo;apparente \u00e0 un\u00ab Dictionnaire amoureux \u00bb. Bien que prenant la forme d&rsquo;un ensemble de d\u00e9finitions class\u00e9es par ordre alphab\u00e9tique et sans structure lin\u00e9aire, il n&rsquo;a pas vocation \u00e0 \u00eatre de nature encyclop\u00e9dique, mais plut\u00f4t \u00e0 caract\u00e8re subjectif.Aussi, si vous voulez contribuer \u00e0 son enrichissement [&hellip;]<\/p>\n","protected":false},"author":3,"featured_media":0,"parent":0,"menu_order":0,"comment_status":"closed","ping_status":"closed","template":"","meta":{"_acf_changed":false,"_et_pb_use_builder":"on","_et_pb_old_content":"[namedirectory dir=\"1\"]","_et_gb_content_width":"","footnotes":""},"class_list":["post-920","page","type-page","status-publish","hentry"],"acf":[],"yoast_head":"<!-- This site is optimized with the Yoast SEO plugin v27.4 - https:\/\/yoast.com\/product\/yoast-seo-wordpress\/ -->\n<title>Glossaire - La Ruche industrielle<\/title>\n<meta name=\"description\" content=\"D\u00e9couvrez le \u00ab Petit Larousse \u00bb de l\u2019industrie made in La Ruche Industrielle et n\u2019h\u00e9sitez pas \u00e0 nous faire des propositions !\" \/>\n<meta name=\"robots\" content=\"index, follow, max-snippet:-1, max-image-preview:large, max-video-preview:-1\" \/>\n<link rel=\"canonical\" href=\"https:\/\/larucheindustrielle.fr\/fr\/glossaire\/\" \/>\n<meta property=\"og:locale\" content=\"fr_FR\" \/>\n<meta property=\"og:type\" content=\"article\" \/>\n<meta property=\"og:title\" content=\"Glossaire - La Ruche industrielle\" \/>\n<meta property=\"og:description\" content=\"D\u00e9couvrez le \u00ab Petit Larousse \u00bb de l\u2019industrie made in La Ruche Industrielle et n\u2019h\u00e9sitez pas \u00e0 nous faire des propositions !\" \/>\n<meta property=\"og:url\" content=\"https:\/\/larucheindustrielle.fr\/fr\/glossaire\/\" \/>\n<meta property=\"og:site_name\" content=\"La Ruche industrielle\" \/>\n<meta property=\"article:modified_time\" content=\"2024-03-01T10:10:13+00:00\" \/>\n<meta name=\"twitter:card\" content=\"summary_large_image\" \/>\n<meta name=\"twitter:site\" content=\"@LaRucheIndus\" \/>\n<meta name=\"twitter:label1\" content=\"Dur\u00e9e de lecture estim\u00e9e\" \/>\n\t<meta name=\"twitter:data1\" content=\"2 minutes\" \/>\n<script type=\"application\/ld+json\" class=\"yoast-schema-graph\">{\"@context\":\"https:\\\/\\\/schema.org\",\"@graph\":[{\"@type\":\"WebPage\",\"@id\":\"https:\\\/\\\/larucheindustrielle.fr\\\/fr\\\/glossaire\\\/\",\"url\":\"https:\\\/\\\/larucheindustrielle.fr\\\/fr\\\/glossaire\\\/\",\"name\":\"Glossaire - La Ruche industrielle\",\"isPartOf\":{\"@id\":\"https:\\\/\\\/larucheindustrielle.fr\\\/fr\\\/#website\"},\"datePublished\":\"2023-06-15T09:18:59+00:00\",\"dateModified\":\"2024-03-01T10:10:13+00:00\",\"description\":\"D\u00e9couvrez le \u00ab Petit Larousse \u00bb de l\u2019industrie made in La Ruche Industrielle et n\u2019h\u00e9sitez pas \u00e0 nous faire des propositions !\",\"inLanguage\":\"fr-FR\",\"potentialAction\":[{\"@type\":\"ReadAction\",\"target\":[\"https:\\\/\\\/larucheindustrielle.fr\\\/fr\\\/glossaire\\\/\"]}]},{\"@type\":\"WebSite\",\"@id\":\"https:\\\/\\\/larucheindustrielle.fr\\\/fr\\\/#website\",\"url\":\"https:\\\/\\\/larucheindustrielle.fr\\\/fr\\\/\",\"name\":\"La Ruche industrielle\",\"description\":\"Ici, on construit ensemble l&#039;industrie du futur !\",\"publisher\":{\"@id\":\"https:\\\/\\\/larucheindustrielle.fr\\\/fr\\\/#organization\"},\"potentialAction\":[{\"@type\":\"SearchAction\",\"target\":{\"@type\":\"EntryPoint\",\"urlTemplate\":\"https:\\\/\\\/larucheindustrielle.fr\\\/fr\\\/?s={search_term_string}\"},\"query-input\":{\"@type\":\"PropertyValueSpecification\",\"valueRequired\":true,\"valueName\":\"search_term_string\"}}],\"inLanguage\":\"fr-FR\"},{\"@type\":\"Organization\",\"@id\":\"https:\\\/\\\/larucheindustrielle.fr\\\/fr\\\/#organization\",\"name\":\"La Ruche industrielle\",\"url\":\"https:\\\/\\\/larucheindustrielle.fr\\\/fr\\\/\",\"logo\":{\"@type\":\"ImageObject\",\"inLanguage\":\"fr-FR\",\"@id\":\"https:\\\/\\\/larucheindustrielle.fr\\\/fr\\\/#\\\/schema\\\/logo\\\/image\\\/\",\"url\":\"https:\\\/\\\/larucheindustrielle.fr\\\/wp-content\\\/uploads\\\/2023\\\/06\\\/Home-page-Logo-la-ruche-en-bois.jpg\",\"contentUrl\":\"https:\\\/\\\/larucheindustrielle.fr\\\/wp-content\\\/uploads\\\/2023\\\/06\\\/Home-page-Logo-la-ruche-en-bois.jpg\",\"width\":1280,\"height\":853,\"caption\":\"La Ruche industrielle\"},\"image\":{\"@id\":\"https:\\\/\\\/larucheindustrielle.fr\\\/fr\\\/#\\\/schema\\\/logo\\\/image\\\/\"},\"sameAs\":[\"https:\\\/\\\/x.com\\\/LaRucheIndus\",\"https:\\\/\\\/fr.linkedin.com\\\/company\\\/la-ruche-industrielle\",\"https:\\\/\\\/www.youtube.com\\\/@larucheindustrielle932\",\"https:\\\/\\\/www.instagram.com\\\/larucheindustrielle\\\/\"]}]}<\/script>\n<!-- \/ Yoast SEO plugin. -->","yoast_head_json":{"title":"Glossaire - La Ruche industrielle","description":"D\u00e9couvrez le \u00ab Petit Larousse \u00bb de l\u2019industrie made in La Ruche Industrielle et n\u2019h\u00e9sitez pas \u00e0 nous faire des propositions !","robots":{"index":"index","follow":"follow","max-snippet":"max-snippet:-1","max-image-preview":"max-image-preview:large","max-video-preview":"max-video-preview:-1"},"canonical":"https:\/\/larucheindustrielle.fr\/fr\/glossaire\/","og_locale":"fr_FR","og_type":"article","og_title":"Glossaire - La Ruche industrielle","og_description":"D\u00e9couvrez le \u00ab Petit Larousse \u00bb de l\u2019industrie made in La Ruche Industrielle et n\u2019h\u00e9sitez pas \u00e0 nous faire des propositions !","og_url":"https:\/\/larucheindustrielle.fr\/fr\/glossaire\/","og_site_name":"La Ruche industrielle","article_modified_time":"2024-03-01T10:10:13+00:00","twitter_card":"summary_large_image","twitter_site":"@LaRucheIndus","twitter_misc":{"Dur\u00e9e de lecture estim\u00e9e":"2 minutes"},"schema":{"@context":"https:\/\/schema.org","@graph":[{"@type":"WebPage","@id":"https:\/\/larucheindustrielle.fr\/fr\/glossaire\/","url":"https:\/\/larucheindustrielle.fr\/fr\/glossaire\/","name":"Glossaire - La Ruche industrielle","isPartOf":{"@id":"https:\/\/larucheindustrielle.fr\/fr\/#website"},"datePublished":"2023-06-15T09:18:59+00:00","dateModified":"2024-03-01T10:10:13+00:00","description":"D\u00e9couvrez le \u00ab Petit Larousse \u00bb de l\u2019industrie made in La Ruche Industrielle et n\u2019h\u00e9sitez pas \u00e0 nous faire des propositions !","inLanguage":"fr-FR","potentialAction":[{"@type":"ReadAction","target":["https:\/\/larucheindustrielle.fr\/fr\/glossaire\/"]}]},{"@type":"WebSite","@id":"https:\/\/larucheindustrielle.fr\/fr\/#website","url":"https:\/\/larucheindustrielle.fr\/fr\/","name":"La Ruche industrielle","description":"Ici, on construit ensemble l&#039;industrie du futur !","publisher":{"@id":"https:\/\/larucheindustrielle.fr\/fr\/#organization"},"potentialAction":[{"@type":"SearchAction","target":{"@type":"EntryPoint","urlTemplate":"https:\/\/larucheindustrielle.fr\/fr\/?s={search_term_string}"},"query-input":{"@type":"PropertyValueSpecification","valueRequired":true,"valueName":"search_term_string"}}],"inLanguage":"fr-FR"},{"@type":"Organization","@id":"https:\/\/larucheindustrielle.fr\/fr\/#organization","name":"La Ruche industrielle","url":"https:\/\/larucheindustrielle.fr\/fr\/","logo":{"@type":"ImageObject","inLanguage":"fr-FR","@id":"https:\/\/larucheindustrielle.fr\/fr\/#\/schema\/logo\/image\/","url":"https:\/\/larucheindustrielle.fr\/wp-content\/uploads\/2023\/06\/Home-page-Logo-la-ruche-en-bois.jpg","contentUrl":"https:\/\/larucheindustrielle.fr\/wp-content\/uploads\/2023\/06\/Home-page-Logo-la-ruche-en-bois.jpg","width":1280,"height":853,"caption":"La Ruche industrielle"},"image":{"@id":"https:\/\/larucheindustrielle.fr\/fr\/#\/schema\/logo\/image\/"},"sameAs":["https:\/\/x.com\/LaRucheIndus","https:\/\/fr.linkedin.com\/company\/la-ruche-industrielle","https:\/\/www.youtube.com\/@larucheindustrielle932","https:\/\/www.instagram.com\/larucheindustrielle\/"]}]}},"publishpress_future_workflow_manual_trigger":{"enabledWorkflows":[]},"_links":{"self":[{"href":"https:\/\/larucheindustrielle.fr\/fr\/wp-json\/wp\/v2\/pages\/920","targetHints":{"allow":["GET"]}}],"collection":[{"href":"https:\/\/larucheindustrielle.fr\/fr\/wp-json\/wp\/v2\/pages"}],"about":[{"href":"https:\/\/larucheindustrielle.fr\/fr\/wp-json\/wp\/v2\/types\/page"}],"author":[{"embeddable":true,"href":"https:\/\/larucheindustrielle.fr\/fr\/wp-json\/wp\/v2\/users\/3"}],"replies":[{"embeddable":true,"href":"https:\/\/larucheindustrielle.fr\/fr\/wp-json\/wp\/v2\/comments?post=920"}],"version-history":[{"count":0,"href":"https:\/\/larucheindustrielle.fr\/fr\/wp-json\/wp\/v2\/pages\/920\/revisions"}],"wp:attachment":[{"href":"https:\/\/larucheindustrielle.fr\/fr\/wp-json\/wp\/v2\/media?parent=920"}],"curies":[{"name":"wp","href":"https:\/\/api.w.org\/{rel}","templated":true}]}}